{"id":17749,"date":"2022-09-14T15:11:23","date_gmt":"2022-09-14T13:11:23","guid":{"rendered":"https:\/\/bicosy.bico.ch\/mon-pense-bete\/"},"modified":"2023-02-03T09:14:16","modified_gmt":"2023-02-03T08:14:16","slug":"ma-liste-de-souhaits","status":"publish","type":"page","link":"https:\/\/bicosy.bico.ch\/fr\/ma-liste-de-souhaits\/","title":{"rendered":"Liste de souhaits"},"content":{"rendered":"\n<div class=\"woocommerce\">\n  <div class=\"container\">\n    <div class=\"woocommerce-notices-wrapper\"><\/div>  <\/div>\n<\/div>\n\n\n<div id=\"merkliste-block_6c8bcbc4049d595cae80034df8c24fc7\" class=\"merkliste \n mt-medium mb-big \">\n  <div class=\"container\">\n    <div class=\"row\">\n      <div class=\"col-12\">\n        <h1 class=\"title\">Ma liste de souhaits<\/h1>\n      <\/div>\n    <\/div>\n\n          <div class=\"row\">\n        <div class=\"offset-lg-2 col-lg-8\">\n          <div class=\"bookmarks-emtpy-wrapper\">\n            <div class=\"icon\">\n              <i class=\"fak fa-empty-folder-icon\"><\/i>\n            <\/div>\n            <h4>Votre liste de souhaits est encore vide<\/h4>\n            <div class=\"desc\">\n              Utilisez l&rsquo;ic\u00f4ne <i class=\"fak fa-icon-bookmark\"><\/i> pour ajouter des produits \u00e0 une liste de souhaits.            <\/div>\n          <\/div>\n        <\/div>\n      <\/div>\n\n      <\/div>\n<\/div>","protected":false},"excerpt":{"rendered":"","protected":false},"author":1,"featured_media":0,"parent":0,"menu_order":0,"comment_status":"closed","ping_status":"closed","template":"","meta":{"_acf_changed":false,"footnotes":""},"class_list":["post-17749","page","type-page","status-publish","hentry"],"acf":[],"yoast_head":"<!-- This site is optimized with the Yoast SEO Premium plugin v26.2 (Yoast SEO v26.2) - https:\/\/yoast.com\/wordpress\/plugins\/seo\/ -->\n<title>Ma liste de souhaits | BICO<\/title>\n<meta name=\"description\" content=\"Liste de souhaits\" \/>\n<meta name=\"robots\" content=\"noindex, nofollow\" \/>\n<meta property=\"og:locale\" content=\"fr_FR\" \/>\n<meta property=\"og:type\" content=\"article\" \/>\n<meta property=\"og:title\" content=\"Liste de souhaits\" \/>\n<meta property=\"og:description\" content=\"Liste de souhaits\" \/>\n<meta property=\"og:url\" content=\"https:\/\/bicosy.bico.ch\/fr\/ma-liste-de-souhaits\/\" \/>\n<meta property=\"og:site_name\" content=\"BICO\" \/>\n<meta property=\"article:publisher\" content=\"https:\/\/www.facebook.com\/bicoswitzerland\" \/>\n<meta property=\"article:modified_time\" content=\"2023-02-03T08:14:16+00:00\" \/>\n<meta property=\"og:image\" content=\"https:\/\/bicosy.bico.ch\/wp-content\/uploads\/2022\/11\/bico-startseitenbild-schweizer-berge-sternenhimmel.jpg\" \/>\n\t<meta property=\"og:image:width\" content=\"1920\" \/>\n\t<meta property=\"og:image:height\" content=\"1440\" \/>\n\t<meta property=\"og:image:type\" content=\"image\/jpeg\" \/>\n<script type=\"application\/ld+json\" class=\"yoast-schema-graph\">{\"@context\":\"https:\/\/schema.org\",\"@graph\":[{\"@type\":\"WebPage\",\"@id\":\"https:\/\/bicosy.bico.ch\/fr\/ma-liste-de-souhaits\/\",\"url\":\"https:\/\/bicosy.bico.ch\/fr\/ma-liste-de-souhaits\/\",\"name\":\"Ma liste de souhaits | BICO\",\"isPartOf\":{\"@id\":\"https:\/\/bicosy.bico.ch\/fr\/#website\"},\"datePublished\":\"2022-09-14T13:11:23+00:00\",\"dateModified\":\"2023-02-03T08:14:16+00:00\",\"description\":\"Liste de souhaits\",\"breadcrumb\":{\"@id\":\"https:\/\/bicosy.bico.ch\/fr\/ma-liste-de-souhaits\/#breadcrumb\"},\"inLanguage\":\"fr-FR\",\"potentialAction\":[{\"@type\":\"ReadAction\",\"target\":[\"https:\/\/bicosy.bico.ch\/fr\/ma-liste-de-souhaits\/\"]}]},{\"@type\":\"BreadcrumbList\",\"@id\":\"https:\/\/bicosy.bico.ch\/fr\/ma-liste-de-souhaits\/#breadcrumb\",\"itemListElement\":[{\"@type\":\"ListItem\",\"position\":1,\"name\":\"Startseite\",\"item\":\"https:\/\/bicosy.bico.ch\/fr\/\"},{\"@type\":\"ListItem\",\"position\":2,\"name\":\"Liste de souhaits\"}]},{\"@type\":\"WebSite\",\"@id\":\"https:\/\/bicosy.bico.ch\/fr\/#website\",\"url\":\"https:\/\/bicosy.bico.ch\/fr\/\",\"name\":\"BICO\",\"description\":\"F\u00fcr \u00e4 t\u00fc\u00fcf\u00e4 gsund\u00e4 Schlaaf.\u00ae\",\"publisher\":{\"@id\":\"https:\/\/bicosy.bico.ch\/fr\/#organization\"},\"alternateName\":\"bico.ch\",\"potentialAction\":[{\"@type\":\"SearchAction\",\"target\":{\"@type\":\"EntryPoint\",\"urlTemplate\":\"https:\/\/bicosy.bico.ch\/fr\/?s={search_term_string}\"},\"query-input\":{\"@type\":\"PropertyValueSpecification\",\"valueRequired\":true,\"valueName\":\"search_term_string\"}}],\"inLanguage\":\"fr-FR\"},{\"@type\":\"Organization\",\"@id\":\"https:\/\/bicosy.bico.ch\/fr\/#organization\",\"name\":\"BICO\",\"url\":\"https:\/\/bicosy.bico.ch\/fr\/\",\"logo\":{\"@type\":\"ImageObject\",\"inLanguage\":\"fr-FR\",\"@id\":\"https:\/\/bicosy.bico.ch\/fr\/#\/schema\/logo\/image\/\",\"url\":\"https:\/\/bicosy.bico.ch\/wp-content\/uploads\/2022\/11\/BICO_Logo_Black-e1667997604131.png\",\"contentUrl\":\"https:\/\/bicosy.bico.ch\/wp-content\/uploads\/2022\/11\/BICO_Logo_Black-e1667997604131.png\",\"width\":2481,\"height\":1754,\"caption\":\"BICO\"},\"image\":{\"@id\":\"https:\/\/bicosy.bico.ch\/fr\/#\/schema\/logo\/image\/\"},\"sameAs\":[\"https:\/\/www.facebook.com\/bicoswitzerland\",\"https:\/\/www.instagram.com\/bicoswitzerland\/\",\"https:\/\/www.youtube.com\/channel\/UCnyVAqYqj5XdkWKWY5CFJ3A\",\"https:\/\/www.linkedin.com\/showcase\/bicoswitzerland\/\"]}]}<\/script>\n<!-- \/ Yoast SEO Premium plugin. -->","yoast_head_json":{"title":"Ma liste de souhaits | BICO","description":"Liste de souhaits","robots":{"index":"noindex","follow":"nofollow"},"og_locale":"fr_FR","og_type":"article","og_title":"Liste de souhaits","og_description":"Liste de souhaits","og_url":"https:\/\/bicosy.bico.ch\/fr\/ma-liste-de-souhaits\/","og_site_name":"BICO","article_publisher":"https:\/\/www.facebook.com\/bicoswitzerland","article_modified_time":"2023-02-03T08:14:16+00:00","og_image":[{"width":1920,"height":1440,"url":"https:\/\/bicosy.bico.ch\/wp-content\/uploads\/2022\/11\/bico-startseitenbild-schweizer-berge-sternenhimmel.jpg","type":"image\/jpeg"}],"schema":{"@context":"https:\/\/schema.org","@graph":[{"@type":"WebPage","@id":"https:\/\/bicosy.bico.ch\/fr\/ma-liste-de-souhaits\/","url":"https:\/\/bicosy.bico.ch\/fr\/ma-liste-de-souhaits\/","name":"Ma liste de souhaits | BICO","isPartOf":{"@id":"https:\/\/bicosy.bico.ch\/fr\/#website"},"datePublished":"2022-09-14T13:11:23+00:00","dateModified":"2023-02-03T08:14:16+00:00","description":"Liste de souhaits","breadcrumb":{"@id":"https:\/\/bicosy.bico.ch\/fr\/ma-liste-de-souhaits\/#breadcrumb"},"inLanguage":"fr-FR","potentialAction":[{"@type":"ReadAction","target":["https:\/\/bicosy.bico.ch\/fr\/ma-liste-de-souhaits\/"]}]},{"@type":"BreadcrumbList","@id":"https:\/\/bicosy.bico.ch\/fr\/ma-liste-de-souhaits\/#breadcrumb","itemListElement":[{"@type":"ListItem","position":1,"name":"Startseite","item":"https:\/\/bicosy.bico.ch\/fr\/"},{"@type":"ListItem","position":2,"name":"Liste de souhaits"}]},{"@type":"WebSite","@id":"https:\/\/bicosy.bico.ch\/fr\/#website","url":"https:\/\/bicosy.bico.ch\/fr\/","name":"BICO","description":"F\u00fcr \u00e4 t\u00fc\u00fcf\u00e4 gsund\u00e4 Schlaaf.\u00ae","publisher":{"@id":"https:\/\/bicosy.bico.ch\/fr\/#organization"},"alternateName":"bico.ch","potentialAction":[{"@type":"SearchAction","target":{"@type":"EntryPoint","urlTemplate":"https:\/\/bicosy.bico.ch\/fr\/?s={search_term_string}"},"query-input":{"@type":"PropertyValueSpecification","valueRequired":true,"valueName":"search_term_string"}}],"inLanguage":"fr-FR"},{"@type":"Organization","@id":"https:\/\/bicosy.bico.ch\/fr\/#organization","name":"BICO","url":"https:\/\/bicosy.bico.ch\/fr\/","logo":{"@type":"ImageObject","inLanguage":"fr-FR","@id":"https:\/\/bicosy.bico.ch\/fr\/#\/schema\/logo\/image\/","url":"https:\/\/bicosy.bico.ch\/wp-content\/uploads\/2022\/11\/BICO_Logo_Black-e1667997604131.png","contentUrl":"https:\/\/bicosy.bico.ch\/wp-content\/uploads\/2022\/11\/BICO_Logo_Black-e1667997604131.png","width":2481,"height":1754,"caption":"BICO"},"image":{"@id":"https:\/\/bicosy.bico.ch\/fr\/#\/schema\/logo\/image\/"},"sameAs":["https:\/\/www.facebook.com\/bicoswitzerland","https:\/\/www.instagram.com\/bicoswitzerland\/","https:\/\/www.youtube.com\/channel\/UCnyVAqYqj5XdkWKWY5CFJ3A","https:\/\/www.linkedin.com\/showcase\/bicoswitzerland\/"]}]}},"_links":{"self":[{"href":"https:\/\/bicosy.bico.ch\/fr\/wp-json\/wp\/v2\/pages\/17749","targetHints":{"allow":["GET"]}}],"collection":[{"href":"https:\/\/bicosy.bico.ch\/fr\/wp-json\/wp\/v2\/pages"}],"about":[{"href":"https:\/\/bicosy.bico.ch\/fr\/wp-json\/wp\/v2\/types\/page"}],"author":[{"embeddable":true,"href":"https:\/\/bicosy.bico.ch\/fr\/wp-json\/wp\/v2\/users\/1"}],"replies":[{"embeddable":true,"href":"https:\/\/bicosy.bico.ch\/fr\/wp-json\/wp\/v2\/comments?post=17749"}],"version-history":[{"count":0,"href":"https:\/\/bicosy.bico.ch\/fr\/wp-json\/wp\/v2\/pages\/17749\/revisions"}],"wp:attachment":[{"href":"https:\/\/bicosy.bico.ch\/fr\/wp-json\/wp\/v2\/media?parent=17749"}],"curies":[{"name":"wp","href":"https:\/\/api.w.org\/{rel}","templated":true}]}}