{"id":18333,"date":"2022-07-21T09:25:54","date_gmt":"2022-07-21T07:25:54","guid":{"rendered":"https:\/\/bicosy.bico.ch\/impressum\/"},"modified":"2025-08-08T15:35:53","modified_gmt":"2025-08-08T13:35:53","slug":"impressum","status":"publish","type":"page","link":"https:\/\/bicosy.bico.ch\/fr\/impressum\/","title":{"rendered":"Impressum"},"content":{"rendered":"\n<div id=\"lead-text-block_21412c82d8eeab43e188f5077cce45d6\" class=\"lead-text \n mt-medium mb-small\">\n      <div class=\"container\">\n      <div class=\"row\">\n        <div class=\"offset-xl-2 col-xl-8\">\n\n          \n          \n                      <h1 class=\"title text-center h1 h1-big text-center mb-0\">Impressum<\/h1>\n          \n          \n        <\/div>\n      <\/div>\n    <\/div>\n  <\/div>\n\n\n<div id=\"titel-text-block_ae1733628d633bbc7acb386a3e90e928\" class=\"titel-text \n mt-small mb-small\">\n\n      <div class=\"container\">\n\n      <div class=\"row justify-content-center\">\n        <div class=\"col-md-8 col-xl-6\">\n                      <h3 class=\"h2   \">\n              Op\u00e9rateur du site web            <\/h3>\n                                                    <div class=\"wysiwyg text  \">\n              <p>Hilding Anders Switzerland AG<br \/>\nBiltnerstrasse 42<br \/>\nCH-8718 Sch\u00e4nis<\/p>\n            <\/div>\n                            <\/div>\n      <\/div>\n    <\/div>\n  <\/div>\n\n\n<div id=\"titel-text-block_4528131800b76be092b1a6009ea34b21\" class=\"titel-text \n mt-small mb-small\">\n\n      <div class=\"container\">\n\n      <div class=\"row justify-content-center\">\n        <div class=\"col-md-8 col-xl-6\">\n                                                    <div class=\"wysiwyg text  \">\n              <p>T\u00e9l. +41 55 619 66 00<br \/>\nkontakt@bico.ch<br \/>\nbico.ch<\/p>\n            <\/div>\n                            <\/div>\n      <\/div>\n    <\/div>\n  <\/div>\n\n\n<div id=\"titel-text-block_a3ef6af7712d19d2992ff17dcd8e9e5e\" class=\"titel-text \n mt-small mb-small\">\n\n      <div class=\"container\">\n\n      <div class=\"row justify-content-center\">\n        <div class=\"col-md-8 col-xl-6\">\n                      <h3 class=\"h2   \">\n              Concept, design et contenu            <\/h3>\n                                                    <div class=\"wysiwyg text  \">\n              <p>STUIQ AG<br \/>\nKlausstrasse 26<br \/>\n8008 Z\u00fcrich<br \/>\nstuiq.ch<\/p>\n            <\/div>\n                            <\/div>\n      <\/div>\n    <\/div>\n  <\/div>\n\n\n<div id=\"titel-text-block_6e14c4e400d5dc95d93a5806467dcdc6\" class=\"titel-text \n mt-small mb-small\">\n\n      <div class=\"container\">\n\n      <div class=\"row justify-content-center\">\n        <div class=\"col-md-8 col-xl-6\">\n                      <h3 class=\"h2   \">\n              R\u00e9alisation technique, h\u00e9bergement et exploitation            <\/h3>\n                                                    <div class=\"wysiwyg text  \">\n              <p>swipe GmbH<br \/>\nZ\u00fcrcherstrasse 310<br \/>\n8500 Frauenfeld<br \/>\nswipe.ch<\/p>\n            <\/div>\n                            <\/div>\n      <\/div>\n    <\/div>\n  <\/div>\n\n\n<div id=\"titel-text-block_d7380820d3460b148a981512f745652c\" class=\"titel-text \n mt-small mb-small\">\n\n      <div class=\"container\">\n\n      <div class=\"row justify-content-center\">\n        <div class=\"col-md-8 col-xl-6\">\n                      <h3 class=\"h2   \">\n              Sources des images            <\/h3>\n                                                    <div class=\"wysiwyg text  \">\n              <p>Sources des images, sauf indication contraire, chez Hilding Anders Switzerland AG.<\/p>\n            <\/div>\n                            <\/div>\n      <\/div>\n    <\/div>\n  <\/div>\n\n\n<div id=\"titel-text-block_889d077200d841cd3f3eb3a03c7b43c2\" class=\"titel-text \n mt-small mb-big \">\n\n      <div class=\"container\">\n\n      <div class=\"row justify-content-center\">\n        <div class=\"col-md-8 col-xl-6\">\n                      <h3 class=\"h2   \">\n              Responsabilit\u00e9s            <\/h3>\n                                                    <div class=\"wysiwyg text  \">\n              <p>Malgr\u00e9 un contr\u00f4le minutieux du contenu, nous n&rsquo;assumons aucune responsabilit\u00e9 pour le contenu des liens externes. Seuls les exploitants de ces sites sont responsables de leur contenu.<\/p>\n            <\/div>\n                            <\/div>\n      <\/div>\n    <\/div>\n  <\/div>","protected":false},"excerpt":{"rendered":"","protected":false},"author":1,"featured_media":0,"parent":0,"menu_order":0,"comment_status":"closed","ping_status":"closed","template":"","meta":{"_acf_changed":false,"footnotes":""},"class_list":["post-18333","page","type-page","status-publish","hentry"],"acf":[],"yoast_head":"<!-- This site is optimized with the Yoast SEO Premium plugin v26.2 (Yoast SEO v26.2) - https:\/\/yoast.com\/wordpress\/plugins\/seo\/ -->\n<title>Impressum de notre site | BICO<\/title>\n<meta name=\"description\" content=\"Exploitant du site, concept, design et contenu, r\u00e9alisation technique, h\u00e9bergement, sources d\u2019images et mentions l\u00e9gales.\" \/>\n<meta name=\"robots\" content=\"noindex, follow, max-snippet:-1, max-image-preview:large, max-video-preview:-1\" \/>\n<meta property=\"og:locale\" content=\"fr_FR\" \/>\n<meta property=\"og:type\" content=\"article\" \/>\n<meta property=\"og:title\" content=\"Impressum\" \/>\n<meta property=\"og:description\" content=\"Exploitant du site, concept, design et contenu, r\u00e9alisation technique, h\u00e9bergement, sources d\u2019images et mentions l\u00e9gales.\" \/>\n<meta property=\"og:url\" content=\"https:\/\/bicosy.bico.ch\/fr\/impressum\/\" \/>\n<meta property=\"og:site_name\" content=\"BICO\" \/>\n<meta property=\"article:publisher\" content=\"https:\/\/www.facebook.com\/bicoswitzerland\" \/>\n<meta property=\"article:modified_time\" content=\"2025-08-08T13:35:53+00:00\" \/>\n<meta property=\"og:image\" content=\"https:\/\/bicosy.bico.ch\/wp-content\/uploads\/2022\/11\/bico-startseitenbild-schweizer-berge-sternenhimmel.jpg\" \/>\n\t<meta property=\"og:image:width\" content=\"1920\" \/>\n\t<meta property=\"og:image:height\" content=\"1440\" \/>\n\t<meta property=\"og:image:type\" content=\"image\/jpeg\" \/>\n<script type=\"application\/ld+json\" class=\"yoast-schema-graph\">{\"@context\":\"https:\/\/schema.org\",\"@graph\":[{\"@type\":\"WebPage\",\"@id\":\"https:\/\/bicosy.bico.ch\/fr\/impressum\/\",\"url\":\"https:\/\/bicosy.bico.ch\/fr\/impressum\/\",\"name\":\"Impressum de notre site | BICO\",\"isPartOf\":{\"@id\":\"https:\/\/bicosy.bico.ch\/fr\/#website\"},\"datePublished\":\"2022-07-21T07:25:54+00:00\",\"dateModified\":\"2025-08-08T13:35:53+00:00\",\"description\":\"Exploitant du site, concept, design et contenu, r\u00e9alisation technique, h\u00e9bergement, sources d\u2019images et mentions l\u00e9gales.\",\"breadcrumb\":{\"@id\":\"https:\/\/bicosy.bico.ch\/fr\/impressum\/#breadcrumb\"},\"inLanguage\":\"fr-FR\",\"potentialAction\":[{\"@type\":\"ReadAction\",\"target\":[\"https:\/\/bicosy.bico.ch\/fr\/impressum\/\"]}]},{\"@type\":\"BreadcrumbList\",\"@id\":\"https:\/\/bicosy.bico.ch\/fr\/impressum\/#breadcrumb\",\"itemListElement\":[{\"@type\":\"ListItem\",\"position\":1,\"name\":\"Startseite\",\"item\":\"https:\/\/bicosy.bico.ch\/fr\/\"},{\"@type\":\"ListItem\",\"position\":2,\"name\":\"Impressum\"}]},{\"@type\":\"WebSite\",\"@id\":\"https:\/\/bicosy.bico.ch\/fr\/#website\",\"url\":\"https:\/\/bicosy.bico.ch\/fr\/\",\"name\":\"BICO\",\"description\":\"F\u00fcr \u00e4 t\u00fc\u00fcf\u00e4 gsund\u00e4 Schlaaf.\u00ae\",\"publisher\":{\"@id\":\"https:\/\/bicosy.bico.ch\/fr\/#organization\"},\"alternateName\":\"bico.ch\",\"potentialAction\":[{\"@type\":\"SearchAction\",\"target\":{\"@type\":\"EntryPoint\",\"urlTemplate\":\"https:\/\/bicosy.bico.ch\/fr\/?s={search_term_string}\"},\"query-input\":{\"@type\":\"PropertyValueSpecification\",\"valueRequired\":true,\"valueName\":\"search_term_string\"}}],\"inLanguage\":\"fr-FR\"},{\"@type\":\"Organization\",\"@id\":\"https:\/\/bicosy.bico.ch\/fr\/#organization\",\"name\":\"BICO\",\"url\":\"https:\/\/bicosy.bico.ch\/fr\/\",\"logo\":{\"@type\":\"ImageObject\",\"inLanguage\":\"fr-FR\",\"@id\":\"https:\/\/bicosy.bico.ch\/fr\/#\/schema\/logo\/image\/\",\"url\":\"https:\/\/bicosy.bico.ch\/wp-content\/uploads\/2022\/11\/BICO_Logo_Black-e1667997604131.png\",\"contentUrl\":\"https:\/\/bicosy.bico.ch\/wp-content\/uploads\/2022\/11\/BICO_Logo_Black-e1667997604131.png\",\"width\":2481,\"height\":1754,\"caption\":\"BICO\"},\"image\":{\"@id\":\"https:\/\/bicosy.bico.ch\/fr\/#\/schema\/logo\/image\/\"},\"sameAs\":[\"https:\/\/www.facebook.com\/bicoswitzerland\",\"https:\/\/www.instagram.com\/bicoswitzerland\/\",\"https:\/\/www.youtube.com\/channel\/UCnyVAqYqj5XdkWKWY5CFJ3A\",\"https:\/\/www.linkedin.com\/showcase\/bicoswitzerland\/\"]}]}<\/script>\n<!-- \/ Yoast SEO Premium plugin. -->","yoast_head_json":{"title":"Impressum de notre site | BICO","description":"Exploitant du site, concept, design et contenu, r\u00e9alisation technique, h\u00e9bergement, sources d\u2019images et mentions l\u00e9gales.","robots":{"index":"noindex","follow":"follow","max-snippet":"max-snippet:-1","max-image-preview":"max-image-preview:large","max-video-preview":"max-video-preview:-1"},"og_locale":"fr_FR","og_type":"article","og_title":"Impressum","og_description":"Exploitant du site, concept, design et contenu, r\u00e9alisation technique, h\u00e9bergement, sources d\u2019images et mentions l\u00e9gales.","og_url":"https:\/\/bicosy.bico.ch\/fr\/impressum\/","og_site_name":"BICO","article_publisher":"https:\/\/www.facebook.com\/bicoswitzerland","article_modified_time":"2025-08-08T13:35:53+00:00","og_image":[{"width":1920,"height":1440,"url":"https:\/\/bicosy.bico.ch\/wp-content\/uploads\/2022\/11\/bico-startseitenbild-schweizer-berge-sternenhimmel.jpg","type":"image\/jpeg"}],"schema":{"@context":"https:\/\/schema.org","@graph":[{"@type":"WebPage","@id":"https:\/\/bicosy.bico.ch\/fr\/impressum\/","url":"https:\/\/bicosy.bico.ch\/fr\/impressum\/","name":"Impressum de notre site | BICO","isPartOf":{"@id":"https:\/\/bicosy.bico.ch\/fr\/#website"},"datePublished":"2022-07-21T07:25:54+00:00","dateModified":"2025-08-08T13:35:53+00:00","description":"Exploitant du site, concept, design et contenu, r\u00e9alisation technique, h\u00e9bergement, sources d\u2019images et mentions l\u00e9gales.","breadcrumb":{"@id":"https:\/\/bicosy.bico.ch\/fr\/impressum\/#breadcrumb"},"inLanguage":"fr-FR","potentialAction":[{"@type":"ReadAction","target":["https:\/\/bicosy.bico.ch\/fr\/impressum\/"]}]},{"@type":"BreadcrumbList","@id":"https:\/\/bicosy.bico.ch\/fr\/impressum\/#breadcrumb","itemListElement":[{"@type":"ListItem","position":1,"name":"Startseite","item":"https:\/\/bicosy.bico.ch\/fr\/"},{"@type":"ListItem","position":2,"name":"Impressum"}]},{"@type":"WebSite","@id":"https:\/\/bicosy.bico.ch\/fr\/#website","url":"https:\/\/bicosy.bico.ch\/fr\/","name":"BICO","description":"F\u00fcr \u00e4 t\u00fc\u00fcf\u00e4 gsund\u00e4 Schlaaf.\u00ae","publisher":{"@id":"https:\/\/bicosy.bico.ch\/fr\/#organization"},"alternateName":"bico.ch","potentialAction":[{"@type":"SearchAction","target":{"@type":"EntryPoint","urlTemplate":"https:\/\/bicosy.bico.ch\/fr\/?s={search_term_string}"},"query-input":{"@type":"PropertyValueSpecification","valueRequired":true,"valueName":"search_term_string"}}],"inLanguage":"fr-FR"},{"@type":"Organization","@id":"https:\/\/bicosy.bico.ch\/fr\/#organization","name":"BICO","url":"https:\/\/bicosy.bico.ch\/fr\/","logo":{"@type":"ImageObject","inLanguage":"fr-FR","@id":"https:\/\/bicosy.bico.ch\/fr\/#\/schema\/logo\/image\/","url":"https:\/\/bicosy.bico.ch\/wp-content\/uploads\/2022\/11\/BICO_Logo_Black-e1667997604131.png","contentUrl":"https:\/\/bicosy.bico.ch\/wp-content\/uploads\/2022\/11\/BICO_Logo_Black-e1667997604131.png","width":2481,"height":1754,"caption":"BICO"},"image":{"@id":"https:\/\/bicosy.bico.ch\/fr\/#\/schema\/logo\/image\/"},"sameAs":["https:\/\/www.facebook.com\/bicoswitzerland","https:\/\/www.instagram.com\/bicoswitzerland\/","https:\/\/www.youtube.com\/channel\/UCnyVAqYqj5XdkWKWY5CFJ3A","https:\/\/www.linkedin.com\/showcase\/bicoswitzerland\/"]}]}},"_links":{"self":[{"href":"https:\/\/bicosy.bico.ch\/fr\/wp-json\/wp\/v2\/pages\/18333","targetHints":{"allow":["GET"]}}],"collection":[{"href":"https:\/\/bicosy.bico.ch\/fr\/wp-json\/wp\/v2\/pages"}],"about":[{"href":"https:\/\/bicosy.bico.ch\/fr\/wp-json\/wp\/v2\/types\/page"}],"author":[{"embeddable":true,"href":"https:\/\/bicosy.bico.ch\/fr\/wp-json\/wp\/v2\/users\/1"}],"replies":[{"embeddable":true,"href":"https:\/\/bicosy.bico.ch\/fr\/wp-json\/wp\/v2\/comments?post=18333"}],"version-history":[{"count":1,"href":"https:\/\/bicosy.bico.ch\/fr\/wp-json\/wp\/v2\/pages\/18333\/revisions"}],"predecessor-version":[{"id":616031,"href":"https:\/\/bicosy.bico.ch\/fr\/wp-json\/wp\/v2\/pages\/18333\/revisions\/616031"}],"wp:attachment":[{"href":"https:\/\/bicosy.bico.ch\/fr\/wp-json\/wp\/v2\/media?parent=18333"}],"curies":[{"name":"wp","href":"https:\/\/api.w.org\/{rel}","templated":true}]}}