{"id":46146,"date":"2022-07-25T13:09:51","date_gmt":"2022-07-25T11:09:51","guid":{"rendered":"https:\/\/bicosy.bico.ch\/recherche-developpement\/"},"modified":"2024-10-18T15:07:40","modified_gmt":"2024-10-18T13:07:40","slug":"recherche-developpement","status":"publish","type":"page","link":"https:\/\/bicosy.bico.ch\/fr\/recherche-developpement\/","title":{"rendered":"Recherche &#038; d\u00e9veloppement"},"content":{"rendered":"\n<div id=\"hero-3-block_81b2d6138b6ffb20b9cbc414bbf17f44\" class=\"hero-3 \n mt-small mb-small\">\n  <div class=\"container\">\n    <div class=\"row\">\n      <div class=\"col-lg-6 px-0 pe-lg-0\">\n        <img decoding=\"async\" class=\"img-fluid w-100\" loading=\"lazy\" src=\"https:\/\/bicosy.bico.ch\/wp-content\/uploads\/2022\/10\/bico-sleeplab-forschung-aspect-ratio-722-728.jpg\" alt=\"\">\n      <\/div>\n      <div class=\"col-lg-6 px-0  ps-lg-0\">\n        <div class=\"bg bg-glacier-20 text-column\">\n                      <nav class=\"breadcrumb d-none d-xl-flex\"><span class=\"current-page\">Page<\/span><\/nav>                    <div>\n                        <h1 class=\"small\">\n              La recherche pour votre sommeil ide\u0301al            <\/h1>\n                      <\/div>\n          <div class=\"scroll-down-wrapper\">\n            <span class=\"icon-wrapper\">\n              <i class=\"fa-kit fa-icon-arrow-down-medium\"><\/i>\n            <\/span>\n            <span class=\"font-size-smaller\">En savoir plus<\/span>\n          <\/div>\n        <\/div>\n      <\/div>\n    <\/div>\n  <\/div>\n<\/div>\n\n\n<div id=\"lead-text-block_c2aa216be696da9f5f1beaff72b6f6a8\" class=\"lead-text \n mt-medium mb-medium\">\n      <div class=\"container\">\n      <div class=\"row\">\n        <div class=\"offset-xl-2 col-xl-8\">\n\n          \n          \n          \n                      <div class=\"wysiwyg text text-center \">\n              <p>Le meilleur lit ou le meilleur matelas n\u2019existe pas. Mais il existe <a href=\"https:\/\/bicosy.bico.ch\/fr\/categorie-produits\/lits\/\">un lit<\/a> ou <a href=\"https:\/\/bicosy.bico.ch\/fr\/categorie-produits\/matelas-et-surmatelas\/\">un matelas parfaitement adapte\u0301 a\u0300 vos besoins<\/a>. Le \u00abGood Night\u2019s SleepLab\u00bb est unique en Europe. Dans notre laboratoire de recherche et de d\u00e9veloppement innovant, nous examinons le sommeil dans son ensemble \u00e0 l&rsquo;aide de m\u00e9thodes de test ultramodernes et des perceptions subjectives des participants. Le r\u00e9sultat: des d\u00e9veloppements et des solutions de pointe pour que votre sommeil soit le meilleur.<\/p>\n            <\/div>\n          \n        <\/div>\n      <\/div>\n    <\/div>\n  <\/div>\n\n\n<div id=\"bild-text-block_1504a39fd403ef3231b742975757d367\" class=\"bild-text \n mb-medium variante-1 mobile-column\">\n\n  \n\n\n\n  <div class=\"container\">\n    <div class=\"row element-row align-items-center align-items-lg-start flip\">\n\n              <div class=\"col-xl-1\"><\/div>\n      \n      <div class=\"text-column col-md-8 col-lg-5 col-lg-5 offset-lg-0 offset-xl-1 col-xl-4\n         mt       \">\n\n                          <h2  class=\"h3 \">Hygi\u00e8ne<\/h2>\n                          <div class=\"wysiwyg text\"><p>Une hygie\u0300ne de lit optimale est essentielle pour la sante\u0301 \u2013 notamment des personnes allergiques. Afin de garantir une hygie\u0300ne optimale, nous testons des principes actifs antibacte\u0301riens pour lutter contre les bacte\u0301ries, les champignons, les acariens et les odeurs.<\/p>\n<\/div>\n        \n        \n\n        \n        \n\n\n      <\/div>\n\n              <div class=\"col-lg-1 d-xl-none\"><\/div>\n      \n              <div class=\"image-column  col-lg-6 col-xl-5 \">\n                      <div class=\"img-wrapper\">\n              <img decoding=\"async\" class=\"img-fluid d-md-none d-lg-block\" src=\"https:\/\/bicosy.bico.ch\/wp-content\/uploads\/2022\/10\/bico-sleeplab-bettklima-aspect-ratio-702-702-1.jpg\" alt=\"\" loading=\"lazy\">\n              <img decoding=\"async\" class=\"img-fluid d-none d-md-block d-lg-none img-tablet-v\" src=\"https:\/\/bicosy.bico.ch\/wp-content\/uploads\/2022\/10\/bico-sleeplab-bettklima.jpg\" alt=\"Bico Sleeplab Bettklima Forschung und Entwicklung Stoffbezug Matratze\" loading=\"lazy\">\n                          <\/div>\n                  <\/div>\n      \n\n      \n\n    <\/div>\n  <\/div>\n<\/div>\n\n\n<div id=\"bild-text-block_827e07e2a479daca066053d169c007e4\" class=\"bild-text \n mb-medium variante-1 mobile-column\">\n\n  \n\n\n\n  <div class=\"container\">\n    <div class=\"row element-row align-items-center align-items-lg-start \">\n\n      \n      <div class=\"text-column col-md-8 col-lg-5 col-lg-5 offset-lg-0 offset-xl-1 col-xl-4\n         mt       \">\n\n                          <h2  class=\"h3 \">Climat du lit<\/h2>\n                          <div class=\"wysiwyg text\"><p>Une tempe\u0301rature ide\u0301ale et un climat sec sont de\u0301cisifs pour garantir un sommeil re\u0301parateur. Ils assurent un bien-e\u0302tre absolu. C\u2019est pourquoi nous testons les proprie\u0301te\u0301s respirantes, d\u2019e\u0301vacuation de l\u2019humidite\u0301 et de re\u0301gulation thermique de nos produits.<\/p>\n<\/div>\n        \n        \n\n        \n        \n\n\n      <\/div>\n\n      \n              <div class=\"image-column  offset-lg-1 col-lg-6 offset-xl-1 col-xl-6\">\n                      <div class=\"img-wrapper\">\n              <img decoding=\"async\" class=\"img-fluid d-md-none d-lg-block\" src=\"https:\/\/bicosy.bico.ch\/wp-content\/uploads\/2022\/11\/bico-sleeplab-hygiene-aspect-ratio-1404-1404.jpg\" alt=\"\" loading=\"lazy\">\n              <img decoding=\"async\" class=\"img-fluid d-none d-md-block d-lg-none img-tablet-v\" src=\"https:\/\/bicosy.bico.ch\/wp-content\/uploads\/2022\/11\/bico-sleeplab-hygiene-aspect-ratio-1340-892.jpg\" alt=\"\" loading=\"lazy\">\n                          <\/div>\n                  <\/div>\n      \n\n      \n\n    <\/div>\n  <\/div>\n<\/div>\n\n\n<div id=\"zitat-block_bf16e94a19b80148d012517f058159e0\" class=\"zitat \n mt-big  mb-big \">\n\n      <div class=\"container\">\n                        <div class=\"row\">\n            <div class=\"offset-lg-2 col-lg-8\">\n              <blockquote class=\"text-center mb-0\">\n                <div class=\"wysiwyg quote-text text-400\">\n                  <p>\u00abChaque syste\u0300me de lit est contro\u0302le\u0301 d\u2019apre\u0300s quatre crite\u0300res: climat du lit, hygie\u0300ne, ergonomie et durabilite\u0301. A l\u2019aide des re\u0301sultats et des connaissances que nous en tirons, nous pouvons de\u0301velopper de nouveaux produits encore meilleurs. Ce processus s\u2019appelle la &lt;re\u0301tro-inge\u0301nierie&gt;\u00bb<\/p>\n                <\/div>\n                <cite class=\"d-block\">\n                  <strong>Rocco Cristofaro<\/strong>\n                                      <p class=\"author-desc mb-0 text-small text-medium\">Head of Good Night\u2019s SleepLab <\/p>\n                                  <\/cite>\n              <\/blockquote>\n            <\/div>\n          <\/div>\n                        <\/div>\n  \n<\/div>\n\n\n<div id=\"bild-text-block_ef4555f02f00cc4af608ceabea0a4378\" class=\"bild-text \n mb-medium variante-1 mobile-column\">\n\n  \n\n\n\n  <div class=\"container\">\n    <div class=\"row element-row align-items-center align-items-lg-start flip\">\n\n              <div class=\"col-xl-1\"><\/div>\n      \n      <div class=\"text-column col-md-8 col-lg-5 col-lg-5 offset-lg-0 offset-xl-1 col-xl-4\n         mt       \">\n\n                          <h2  class=\"h3 \">Ergonomie<\/h2>\n                          <div class=\"wysiwyg text\"><p>Pour que votre dos puisse se de\u0301tendre, le syste\u0300me de lit doit s\u2019adapter ide\u0301alement a\u0300 votre silhouette. Pour un confort optimal et une de\u0301tente absolue, nous testons les proprie\u0301te\u0301s de couchage, le soutien du corps et la re\u0301ge\u0301ne\u0301ration.<\/p>\n<\/div>\n        \n        \n\n        \n        \n\n\n      <\/div>\n\n              <div class=\"col-lg-1 d-xl-none\"><\/div>\n      \n              <div class=\"image-column  col-lg-6 col-xl-5 \">\n                      <div class=\"img-wrapper\">\n              <img decoding=\"async\" class=\"img-fluid d-md-none d-lg-block\" src=\"https:\/\/bicosy.bico.ch\/wp-content\/uploads\/2022\/10\/bico-sleeplab-ergonomie-1-aspect-ratio-702-702-2.jpg\" alt=\"\" loading=\"lazy\">\n              <img decoding=\"async\" class=\"img-fluid d-none d-md-block d-lg-none img-tablet-v\" src=\"https:\/\/bicosy.bico.ch\/wp-content\/uploads\/2022\/10\/bico-sleeplab-ergonomie-1-aspect-ratio-670-446-1.jpg\" alt=\"\" loading=\"lazy\">\n                          <\/div>\n                  <\/div>\n      \n\n      \n\n    <\/div>\n  <\/div>\n<\/div>\n\n\n<div id=\"bild-text-block_c297ee1359770d6faba59473e8548034\" class=\"bild-text \n mb-medium variante-1 mobile-column\">\n\n  \n\n\n\n  <div class=\"container\">\n    <div class=\"row element-row align-items-center align-items-lg-start \">\n\n      \n      <div class=\"text-column col-md-8 col-lg-5 col-lg-5 offset-lg-0 offset-xl-1 col-xl-4\n         mt       \">\n\n                          <h2  class=\"h3 \">Durabilit\u00e9<\/h2>\n                          <div class=\"wysiwyg text\"><p>Un matelas doit pouvoir durer jusqu\u2019a\u0300 10 ans. Lors de tests d&rsquo;endurance, tous nos matelas sont soumis \u00e0 une pression \u00e9lev\u00e9e, \u00e0 l&rsquo;humidit\u00e9 et \u00e0 des variations de temp\u00e9rature. Nous garantissons ainsi les meilleurs r\u00e9sultats en termes de long\u00e9vit\u00e9, de fiabilit\u00e9 et de s\u00e9curit\u00e9.<\/p>\n<\/div>\n        \n        \n\n        \n        \n\n\n      <\/div>\n\n      \n              <div class=\"image-column  offset-lg-1 col-lg-6 offset-xl-1 col-xl-6\">\n                      <div class=\"img-wrapper\">\n              <img decoding=\"async\" class=\"img-fluid d-md-none d-lg-block\" src=\"https:\/\/bicosy.bico.ch\/wp-content\/uploads\/2022\/10\/bico-sleeplab-haltbarkeit-aspect-ratio-702-702.jpg\" alt=\"\" loading=\"lazy\">\n              <img decoding=\"async\" class=\"img-fluid d-none d-md-block d-lg-none img-tablet-v\" src=\"https:\/\/bicosy.bico.ch\/wp-content\/uploads\/2022\/10\/bico-sleeplab-haltbarkeit-aspect-ratio-670-446.jpg\" alt=\"\" loading=\"lazy\">\n                          <\/div>\n                  <\/div>\n      \n\n      \n\n    <\/div>\n  <\/div>\n<\/div>\n\n\n<div id=\"hero-4-block_22c8fc5f7ad288cc47344a16d4eb7ed5\" class=\"hero-4 \n\">\n      <div class=\"media-content-wrapper media-content-wrapper-mobile-static colored-overlay-left \n                                                                                                          \">\n              <div class=\"bg-image\" style=\"background-image: url('https:\/\/bicosy.bico.ch\/wp-content\/uploads\/2022\/10\/bico-sleeplab-forschung-zukunft-1920x1080-1-aspect-ratio-1920-1080.jpg');\">\n        <\/div>\n      \n              <div class=\"overlay-content-wrapper w-100 py-medium\">\n          <div class=\"container\">\n            <div class=\"row \">\n              <div class=\"col-md-2 col-lg-12 col-xl-1\"><\/div>\n              <div class=\"text-column col-md-8 col-lg-6 col-xl-4 text-white\">\n                                                  <h2 class=\"h2 large\">Regard sur l\u2019avenir<\/h2>\n                                                  <div class=\"wysiwyg text\"><p>BICO ne se repose pas sur ses lauriers avec ses syste\u0300mes de sommeil existants, elle travaille d\u2019arrache-pied et me\u0300ne de nombreuses recherches pour rester pionnie\u0300re en ce qui concerne \u00abl\u2019avenir du sommeil\u00bb.<\/p>\n<\/div>\n                              <\/div>\n            <\/div>\n          <\/div>\n        <\/div>\n          <\/div>\n  <\/div>\n\n\n<div id=\"blog-neuste-beitraege-evolve-block_38f86436fe99b719ba0f11ecb3a77f1e\" class=\"blog-neuste-beitraege-evolve \n mt-medium-big  mb-small bg-white \">\n\n      <div class=\"container\">\n\n      <div class=\"row\">\n        <div class=\"col-12\">\n                      <h2 class=\"h2 large text-center\">Notre blog d\u00e9di\u00e9 au sommeil sain<\/h2>\n                    <div class=\"swiper\">\n            <div class=\"swiper-wrapper\">\n              \n                <div class=\"swiper-slide blog-teaser-item-wrapper\">\n                  <a href=\"https:\/\/bicosy.bico.ch\/fr\/blog-du-sommeil\/pfas-que-cache-le-terme-produits-chimiques-eternels\/\" class=\"blog-teaser-item\">\n                    <div class=\"image-wrapper\">\n                      <div class=\"bg-image lazy-bg\" data-bg=\"https:\/\/bicosy.bico.ch\/wp-content\/uploads\/2025\/05\/Bild-950x950-1-aspect-ratio-950-950-1.png\"><\/div>\n                    <\/div>\n                    <div class=\"desc-wrapper\">\n                                              <span class=\"label\">Matelas<\/span>\n                                            <h3 class=\"mb-0\">\n                        PFAS \u2013 Que cache le terme \u00ab\u202fproduits chimiques \u00e9ternels\u202f\u00bb ?                      <\/h3>\n                    <\/div>\n                  <\/a>\n                <\/div>\n\n              \n                <div class=\"swiper-slide blog-teaser-item-wrapper\">\n                  <a href=\"https:\/\/bicosy.bico.ch\/fr\/blog-du-sommeil\/menage-de-printemps-dans-la-chambre-a-coucher-garder-votre-lit-propre\/\" class=\"blog-teaser-item\">\n                    <div class=\"image-wrapper\">\n                      <div class=\"bg-image lazy-bg\" data-bg=\"https:\/\/bicosy.bico.ch\/wp-content\/uploads\/2023\/10\/bico-betthygiene-gross-aspect-ratio-722-728.jpg\"><\/div>\n                    <\/div>\n                    <div class=\"desc-wrapper\">\n                                              <span class=\"label\">Lifestyle<\/span>\n                                            <h3 class=\"mb-0\">\n                        M\u00e9nage de printemps dans la chambre \u00e0 coucher: voil\u00e0 comment garder votre lit propre                      <\/h3>\n                    <\/div>\n                  <\/a>\n                <\/div>\n\n              \n                <div class=\"swiper-slide blog-teaser-item-wrapper\">\n                  <a href=\"https:\/\/bicosy.bico.ch\/fr\/blog-du-sommeil\/test-des-matelas-suisse-2024-25-bico-vainqueur-du-test\/\" class=\"blog-teaser-item\">\n                    <div class=\"image-wrapper\">\n                      <div class=\"bg-image lazy-bg\" data-bg=\"https:\/\/bicosy.bico.ch\/wp-content\/uploads\/2024\/10\/1-platz-matratzen-2024-25-1404-1404-fr-aspect-ratio-950-950.jpg\"><\/div>\n                    <\/div>\n                    <div class=\"desc-wrapper\">\n                                              <span class=\"label\">Matelas<\/span>\n                                            <h3 class=\"mb-0\">\n                        Test des matelas Suisse 2024\/25: BICO six fois vainqueur                      <\/h3>\n                    <\/div>\n                  <\/a>\n                <\/div>\n\n                                        <\/div>\n            <div class=\"swiper-button-wrapper\">\n              <div class=\"swiper-button-prev\"><\/div>\n              <div class=\"swiper-button-next\"><\/div>\n            <\/div>\n          <\/div>\n\n        <\/div>\n      <\/div>\n\n    <\/div>\n  \n<\/div>","protected":false},"excerpt":{"rendered":"","protected":false},"author":1,"featured_media":0,"parent":0,"menu_order":0,"comment_status":"closed","ping_status":"closed","template":"","meta":{"_acf_changed":false,"footnotes":""},"class_list":["post-46146","page","type-page","status-publish","hentry"],"acf":[],"yoast_head":"<!-- This site is optimized with the Yoast SEO Premium plugin v26.2 (Yoast SEO v26.2) - https:\/\/yoast.com\/wordpress\/plugins\/seo\/ -->\n<title>Laboratoire de recherche innovant, sommeil r\u00e9parateur | BICO<\/title>\n<meta name=\"description\" content=\"C&#039;est dans le centre de test &quot;Good Night&#039;s SleepLab&quot; \u00e0 Sch\u00e4nis, que nous faisons des recherches pour obtenir le meilleur sommeil possible.\" \/>\n<meta name=\"robots\" content=\"noindex, follow, max-snippet:-1, max-image-preview:large, max-video-preview:-1\" \/>\n<meta property=\"og:locale\" content=\"fr_FR\" \/>\n<meta property=\"og:type\" content=\"article\" \/>\n<meta property=\"og:title\" content=\"Recherche &amp; d\u00e9veloppement\" \/>\n<meta property=\"og:description\" content=\"C&#039;est dans le centre de test &quot;Good Night&#039;s SleepLab&quot; \u00e0 Sch\u00e4nis, que nous faisons des recherches pour obtenir le meilleur sommeil possible.\" \/>\n<meta property=\"og:url\" content=\"https:\/\/bicosy.bico.ch\/fr\/recherche-developpement\/\" \/>\n<meta property=\"og:site_name\" content=\"BICO\" \/>\n<meta property=\"article:publisher\" content=\"https:\/\/www.facebook.com\/bicoswitzerland\" \/>\n<meta property=\"article:modified_time\" content=\"2024-10-18T13:07:40+00:00\" \/>\n<meta property=\"og:image\" content=\"https:\/\/bicosy.bico.ch\/wp-content\/uploads\/2022\/11\/bico-startseitenbild-schweizer-berge-sternenhimmel.jpg\" \/>\n\t<meta property=\"og:image:width\" content=\"1920\" \/>\n\t<meta property=\"og:image:height\" content=\"1440\" \/>\n\t<meta property=\"og:image:type\" content=\"image\/jpeg\" \/>\n<script type=\"application\/ld+json\" class=\"yoast-schema-graph\">{\"@context\":\"https:\/\/schema.org\",\"@graph\":[{\"@type\":\"WebPage\",\"@id\":\"https:\/\/bicosy.bico.ch\/fr\/recherche-developpement\/\",\"url\":\"https:\/\/bicosy.bico.ch\/fr\/recherche-developpement\/\",\"name\":\"Laboratoire de recherche innovant, sommeil r\u00e9parateur | BICO\",\"isPartOf\":{\"@id\":\"https:\/\/bicosy.bico.ch\/fr\/#website\"},\"datePublished\":\"2022-07-25T11:09:51+00:00\",\"dateModified\":\"2024-10-18T13:07:40+00:00\",\"description\":\"C'est dans le centre de test \\\"Good Night's SleepLab\\\" \u00e0 Sch\u00e4nis, que nous faisons des recherches pour obtenir le meilleur sommeil possible.\",\"breadcrumb\":{\"@id\":\"https:\/\/bicosy.bico.ch\/fr\/recherche-developpement\/#breadcrumb\"},\"inLanguage\":\"fr-FR\",\"potentialAction\":[{\"@type\":\"ReadAction\",\"target\":[\"https:\/\/bicosy.bico.ch\/fr\/recherche-developpement\/\"]}]},{\"@type\":\"BreadcrumbList\",\"@id\":\"https:\/\/bicosy.bico.ch\/fr\/recherche-developpement\/#breadcrumb\",\"itemListElement\":[{\"@type\":\"ListItem\",\"position\":1,\"name\":\"Startseite\",\"item\":\"https:\/\/bicosy.bico.ch\/fr\/\"},{\"@type\":\"ListItem\",\"position\":2,\"name\":\"Recherche &#038; d\u00e9veloppement\"}]},{\"@type\":\"WebSite\",\"@id\":\"https:\/\/bicosy.bico.ch\/fr\/#website\",\"url\":\"https:\/\/bicosy.bico.ch\/fr\/\",\"name\":\"BICO\",\"description\":\"F\u00fcr \u00e4 t\u00fc\u00fcf\u00e4 gsund\u00e4 Schlaaf.\u00ae\",\"publisher\":{\"@id\":\"https:\/\/bicosy.bico.ch\/fr\/#organization\"},\"alternateName\":\"bico.ch\",\"potentialAction\":[{\"@type\":\"SearchAction\",\"target\":{\"@type\":\"EntryPoint\",\"urlTemplate\":\"https:\/\/bicosy.bico.ch\/fr\/?s={search_term_string}\"},\"query-input\":{\"@type\":\"PropertyValueSpecification\",\"valueRequired\":true,\"valueName\":\"search_term_string\"}}],\"inLanguage\":\"fr-FR\"},{\"@type\":\"Organization\",\"@id\":\"https:\/\/bicosy.bico.ch\/fr\/#organization\",\"name\":\"BICO\",\"url\":\"https:\/\/bicosy.bico.ch\/fr\/\",\"logo\":{\"@type\":\"ImageObject\",\"inLanguage\":\"fr-FR\",\"@id\":\"https:\/\/bicosy.bico.ch\/fr\/#\/schema\/logo\/image\/\",\"url\":\"https:\/\/bicosy.bico.ch\/wp-content\/uploads\/2022\/11\/BICO_Logo_Black-e1667997604131.png\",\"contentUrl\":\"https:\/\/bicosy.bico.ch\/wp-content\/uploads\/2022\/11\/BICO_Logo_Black-e1667997604131.png\",\"width\":2481,\"height\":1754,\"caption\":\"BICO\"},\"image\":{\"@id\":\"https:\/\/bicosy.bico.ch\/fr\/#\/schema\/logo\/image\/\"},\"sameAs\":[\"https:\/\/www.facebook.com\/bicoswitzerland\",\"https:\/\/www.instagram.com\/bicoswitzerland\/\",\"https:\/\/www.youtube.com\/channel\/UCnyVAqYqj5XdkWKWY5CFJ3A\",\"https:\/\/www.linkedin.com\/showcase\/bicoswitzerland\/\"]}]}<\/script>\n<!-- \/ Yoast SEO Premium plugin. -->","yoast_head_json":{"title":"Laboratoire de recherche innovant, sommeil r\u00e9parateur | BICO","description":"C'est dans le centre de test \"Good Night's SleepLab\" \u00e0 Sch\u00e4nis, que nous faisons des recherches pour obtenir le meilleur sommeil possible.","robots":{"index":"noindex","follow":"follow","max-snippet":"max-snippet:-1","max-image-preview":"max-image-preview:large","max-video-preview":"max-video-preview:-1"},"og_locale":"fr_FR","og_type":"article","og_title":"Recherche & d\u00e9veloppement","og_description":"C'est dans le centre de test \"Good Night's SleepLab\" \u00e0 Sch\u00e4nis, que nous faisons des recherches pour obtenir le meilleur sommeil possible.","og_url":"https:\/\/bicosy.bico.ch\/fr\/recherche-developpement\/","og_site_name":"BICO","article_publisher":"https:\/\/www.facebook.com\/bicoswitzerland","article_modified_time":"2024-10-18T13:07:40+00:00","og_image":[{"width":1920,"height":1440,"url":"https:\/\/bicosy.bico.ch\/wp-content\/uploads\/2022\/11\/bico-startseitenbild-schweizer-berge-sternenhimmel.jpg","type":"image\/jpeg"}],"schema":{"@context":"https:\/\/schema.org","@graph":[{"@type":"WebPage","@id":"https:\/\/bicosy.bico.ch\/fr\/recherche-developpement\/","url":"https:\/\/bicosy.bico.ch\/fr\/recherche-developpement\/","name":"Laboratoire de recherche innovant, sommeil r\u00e9parateur | BICO","isPartOf":{"@id":"https:\/\/bicosy.bico.ch\/fr\/#website"},"datePublished":"2022-07-25T11:09:51+00:00","dateModified":"2024-10-18T13:07:40+00:00","description":"C'est dans le centre de test \"Good Night's SleepLab\" \u00e0 Sch\u00e4nis, que nous faisons des recherches pour obtenir le meilleur sommeil possible.","breadcrumb":{"@id":"https:\/\/bicosy.bico.ch\/fr\/recherche-developpement\/#breadcrumb"},"inLanguage":"fr-FR","potentialAction":[{"@type":"ReadAction","target":["https:\/\/bicosy.bico.ch\/fr\/recherche-developpement\/"]}]},{"@type":"BreadcrumbList","@id":"https:\/\/bicosy.bico.ch\/fr\/recherche-developpement\/#breadcrumb","itemListElement":[{"@type":"ListItem","position":1,"name":"Startseite","item":"https:\/\/bicosy.bico.ch\/fr\/"},{"@type":"ListItem","position":2,"name":"Recherche &#038; d\u00e9veloppement"}]},{"@type":"WebSite","@id":"https:\/\/bicosy.bico.ch\/fr\/#website","url":"https:\/\/bicosy.bico.ch\/fr\/","name":"BICO","description":"F\u00fcr \u00e4 t\u00fc\u00fcf\u00e4 gsund\u00e4 Schlaaf.\u00ae","publisher":{"@id":"https:\/\/bicosy.bico.ch\/fr\/#organization"},"alternateName":"bico.ch","potentialAction":[{"@type":"SearchAction","target":{"@type":"EntryPoint","urlTemplate":"https:\/\/bicosy.bico.ch\/fr\/?s={search_term_string}"},"query-input":{"@type":"PropertyValueSpecification","valueRequired":true,"valueName":"search_term_string"}}],"inLanguage":"fr-FR"},{"@type":"Organization","@id":"https:\/\/bicosy.bico.ch\/fr\/#organization","name":"BICO","url":"https:\/\/bicosy.bico.ch\/fr\/","logo":{"@type":"ImageObject","inLanguage":"fr-FR","@id":"https:\/\/bicosy.bico.ch\/fr\/#\/schema\/logo\/image\/","url":"https:\/\/bicosy.bico.ch\/wp-content\/uploads\/2022\/11\/BICO_Logo_Black-e1667997604131.png","contentUrl":"https:\/\/bicosy.bico.ch\/wp-content\/uploads\/2022\/11\/BICO_Logo_Black-e1667997604131.png","width":2481,"height":1754,"caption":"BICO"},"image":{"@id":"https:\/\/bicosy.bico.ch\/fr\/#\/schema\/logo\/image\/"},"sameAs":["https:\/\/www.facebook.com\/bicoswitzerland","https:\/\/www.instagram.com\/bicoswitzerland\/","https:\/\/www.youtube.com\/channel\/UCnyVAqYqj5XdkWKWY5CFJ3A","https:\/\/www.linkedin.com\/showcase\/bicoswitzerland\/"]}]}},"_links":{"self":[{"href":"https:\/\/bicosy.bico.ch\/fr\/wp-json\/wp\/v2\/pages\/46146","targetHints":{"allow":["GET"]}}],"collection":[{"href":"https:\/\/bicosy.bico.ch\/fr\/wp-json\/wp\/v2\/pages"}],"about":[{"href":"https:\/\/bicosy.bico.ch\/fr\/wp-json\/wp\/v2\/types\/page"}],"author":[{"embeddable":true,"href":"https:\/\/bicosy.bico.ch\/fr\/wp-json\/wp\/v2\/users\/1"}],"replies":[{"embeddable":true,"href":"https:\/\/bicosy.bico.ch\/fr\/wp-json\/wp\/v2\/comments?post=46146"}],"version-history":[{"count":0,"href":"https:\/\/bicosy.bico.ch\/fr\/wp-json\/wp\/v2\/pages\/46146\/revisions"}],"wp:attachment":[{"href":"https:\/\/bicosy.bico.ch\/fr\/wp-json\/wp\/v2\/media?parent=46146"}],"curies":[{"name":"wp","href":"https:\/\/api.w.org\/{rel}","templated":true}]}}