{"id":46205,"date":"2022-10-25T12:30:51","date_gmt":"2022-10-25T10:30:51","guid":{"rendered":"https:\/\/bicosy.bico.ch\/swissness\/"},"modified":"2024-10-18T15:09:46","modified_gmt":"2024-10-18T13:09:46","slug":"swissness","status":"publish","type":"page","link":"https:\/\/bicosy.bico.ch\/fr\/swissness\/","title":{"rendered":"Swissness"},"content":{"rendered":"\n<div id=\"hero-3-block_051543405f9f671f87010fed8e49b813\" class=\"hero-3 \n mt-small mb-small\">\n  <div class=\"container\">\n    <div class=\"row\">\n      <div class=\"col-lg-6 px-0 pe-lg-0\">\n        <img decoding=\"async\" class=\"img-fluid w-100\" loading=\"lazy\" src=\"https:\/\/bicosy.bico.ch\/wp-content\/uploads\/2022\/10\/bico-swissness-header-aspect-ratio-722-728.jpg\" alt=\"\">\n      <\/div>\n      <div class=\"col-lg-6 px-0  ps-lg-0\">\n        <div class=\"bg bg-glacier-20 text-column\">\n                      <nav class=\"breadcrumb d-none d-xl-flex\"><span class=\"current-page\">Page<\/span><\/nav>                    <div>\n                        <h1 class=\"small\">\n              Des solutions innovantes made in Swiss d\u00e9di\u00e9es au sommeil \u2013 par conviction             <\/h1>\n                      <\/div>\n          <div class=\"scroll-down-wrapper\">\n            <span class=\"icon-wrapper\">\n              <i class=\"fa-kit fa-icon-arrow-down-medium\"><\/i>\n            <\/span>\n            <span class=\"font-size-smaller\">En savoir plus<\/span>\n          <\/div>\n        <\/div>\n      <\/div>\n    <\/div>\n  <\/div>\n<\/div>\n\n\n<div id=\"lead-text-block_98e63d8ba45d7450b93477ab91793c3b\" class=\"lead-text \n mt-medium mb-medium\">\n      <div class=\"container\">\n      <div class=\"row\">\n        <div class=\"offset-xl-2 col-xl-8\">\n\n          \n          \n          \n                      <div class=\"wysiwyg text text-center \">\n              <p>Du pionnier suisse du sommeil au leader du march\u00e9, <a href=\"https:\/\/bicosy.bico.ch\/fr\/tradition-suisse\/\">BICO incarne les valeurs suisses depuis 1861<\/a>. Authentique marque de tradition, nous sommes fiers de produire sur place avec la plus grande minutie et d\u2019entretenir depuis de nombreuses ann\u00e9es des partenariats dans toute la Suisse.<\/p>\n            <\/div>\n          \n        <\/div>\n      <\/div>\n    <\/div>\n  <\/div>\n\n\n<div id=\"bild-text-block_8216874091da016900b244be4a5aef95\" class=\"bild-text \n mt-medium variante-1 mobile-column\">\n\n  \n\n\n\n  <div class=\"container\">\n    <div class=\"row element-row align-items-center align-items-lg-start \">\n\n      \n      <div class=\"text-column col-md-8 col-lg-5 col-lg-5 offset-lg-0 offset-xl-1 col-xl-4\n         mt       \">\n\n                          <h2  class=\"h2 large \">Du travail manuel suisse<\/h2>\n                          <div class=\"wysiwyg text\"><p>Aujourd\u2019hui encore et aussi surprenant que cela puisse para\u00eetre, la fabrication de produits de pointe sur notre site de Sch\u00e4nis s\u2019effectue en grande partie manuellement. Comme dans toute manufacture de taille, extr\u00eame rigueur et qualit\u00e9 de fabrication irr\u00e9prochable sont \u00e0 l\u2019ordre du jour \u2013 notamment durant les \u00e9tapes les plus complexes. Nos 33 employ\u00e9s chevronn\u00e9s en sont les meilleurs garants.<\/p>\n<\/div>\n        \n        \n\n        \n        \n\n\n      <\/div>\n\n      \n              <div class=\"image-column  offset-lg-1 col-lg-6 offset-xl-1 col-xl-6\">\n                      <div class=\"img-wrapper\">\n              <img decoding=\"async\" class=\"img-fluid d-md-none d-lg-block\" src=\"https:\/\/bicosy.bico.ch\/wp-content\/uploads\/2022\/10\/bico-swissness-handarbeit-aspect-ratio-702-702.jpg\" alt=\"\" loading=\"lazy\">\n              <img decoding=\"async\" class=\"img-fluid d-none d-md-block d-lg-none img-tablet-v\" src=\"https:\/\/bicosy.bico.ch\/wp-content\/uploads\/2022\/10\/bico-swissness-handarbeit.jpg\" alt=\"BICO Handarbeit\" loading=\"lazy\">\n                          <\/div>\n                  <\/div>\n      \n\n      \n\n    <\/div>\n  <\/div>\n<\/div>\n\n\n<div id=\"zitat-block_ff3070f60114e1b7833e283efc035460\" class=\"zitat \n mt-medium mb-medium\">\n\n      <div class=\"container\">\n                        <div class=\"row\">\n            <div class=\"offset-lg-2 col-lg-8\">\n              <blockquote class=\"text-center mb-0\">\n                <div class=\"wysiwyg quote-text text-400\">\n                  <p>\u00abLes diff\u00e9rentes \u00e9tapes de travail sont certes effectu\u00e9es \u00e0 l\u2019aide de machines, mais la pr\u00e9cision des coutures et des bordures, ainsi que l\u2019ajustement parfait des divers composants, sont dus au savoir-faire et \u00e0 la dext\u00e9rit\u00e9 de nos collaborateurs.\u00bb<\/p>\n                <\/div>\n                <cite class=\"d-block\">\n                  <strong>Markus Laeser<\/strong>\n                                      <p class=\"author-desc mb-0 text-small text-medium\">Chef de production<\/p>\n                                  <\/cite>\n              <\/blockquote>\n            <\/div>\n          <\/div>\n                        <\/div>\n  \n<\/div>\n\n\n<div id=\"hero-2-evolve-block_dd0d88e8a41e25b4bcfcf6bec449294a\" class=\"hero-2-evolve \n mt-medium variante-1 \">\n\n  <div class=\"container\">\n\n    <div class=\"row bg-tertiary\">\n\n      <div class=\"col-md-6 image-column\">\n        <div class=\"image-wrapper\">\n          <div class=\"bg-image\" style=\"background-image: url(https:\/\/bicosy.bico.ch\/wp-content\/uploads\/2024\/10\/bico-swissness-rohstoffe-950x950-1-aspect-ratio-950-950-1.jpg);\">\n          <\/div>\n        <\/div>\n      <\/div>\n\n      <div class=\"col-md-6 offset-xxl-1 col-xxl-4 text-column\">\n                <div class=\"text-column-top\">\n                      <h2 class=\"large  \">Des mati\u00e8res premi\u00e8res suisse<\/h2>\n                                <div class=\"text wysiwyg font-size-body text-medium\">\n              <p>BICO s\u2019efforce dans la mesure du possible de commander ses mati\u00e8res premi\u00e8res aupr\u00e8s de fournisseurs locaux. C\u2019est ainsi que tous les matelas BICO sont dot\u00e9s de laine Swisswool et les lits et sommiers de bois suisse issu de for\u00eats locales. D\u2019autre part, nos tissus pour les lits boxspring proviennent de Tisca, l\u2019une des derni\u00e8res usines de tissage d\u2019Appenzell. Ces partenariats construits sur la dur\u00e9e soutiennent non seulement l\u2019\u00e9conomie locale et r\u00e9gionale, mais soulignent \u00e9galement l\u2019importance que nous accordons au d\u00e9veloppement durable.<\/p>\n            <\/div>\n                  <\/div>\n\n              <\/div>\n    <\/div>\n  <\/div>\n<\/div>\n\n\n<div id=\"bild-text-block_2aa5d5eb7610dd536948e4fecc08006d\" class=\"bild-text \n mt-medium variante-1 mobile-column\">\n\n  \n\n\n\n  <div class=\"container\">\n    <div class=\"row element-row align-items-center align-items-lg-start \">\n\n      \n      <div class=\"text-column col-md-8 col-lg-5 col-lg-5 offset-lg-0 offset-xl-1 col-xl-4\n         mt       \">\n\n                          <h2  class=\"h2 large \">Des valeurs suisses<\/h2>\n                          <div class=\"wysiwyg text\"><p>L\u2019ancrage dans les valeurs suisses a de tout temps jou\u00e9 un r\u00f4le essentiel chez BICO: les partenariats durables que nous entretenons depuis de nombreuses ann\u00e9es ainsi que la priorit\u00e9 accord\u00e9e aux mati\u00e8res premi\u00e8res locales garantissent la haute qualit\u00e9 et durabilit\u00e9 de nos produits. Leur design simple et \u00e9pur\u00e9 va toujours de pair avec une haute fonctionnalit\u00e9 ax\u00e9e sur les utilisateurs et leur besoin de d\u00e9tente et de r\u00e9g\u00e9n\u00e9ration.<\/p>\n<\/div>\n        \n        \n\n        \n                  <div class=\"link-wrapper\">\n                          \n                      <\/div>\n        \n\n\n      <\/div>\n\n      \n              <div class=\"image-column  offset-lg-1 col-lg-6 offset-xl-1 col-xl-6\">\n                      <div class=\"img-wrapper\">\n              <img decoding=\"async\" class=\"img-fluid d-md-none d-lg-block\" src=\"https:\/\/bicosy.bico.ch\/wp-content\/uploads\/2022\/10\/bico-swissness-schweizer-werte-aspect-ratio-702-702.jpg\" alt=\"\" loading=\"lazy\">\n              <img decoding=\"async\" class=\"img-fluid d-none d-md-block d-lg-none img-tablet-v\" src=\"https:\/\/bicosy.bico.ch\/wp-content\/uploads\/2022\/10\/bico-swissness-schweizer-werte-aspect-ratio-670-446.jpg\" alt=\"\" loading=\"lazy\">\n                          <\/div>\n                  <\/div>\n      \n\n      \n\n    <\/div>\n  <\/div>\n<\/div>\n\n\n<div id=\"blog-neuste-beitraege-evolve-block_931ea8e720d768065e4939b20f9540e1\" class=\"blog-neuste-beitraege-evolve \n mt-medium-big  mb-small bg-white \">\n\n      <div class=\"container\">\n\n      <div class=\"row\">\n        <div class=\"col-12\">\n                      <h2 class=\"h2 large text-center\">Notre blog d\u00e9di\u00e9 au sommeil sain<\/h2>\n                    <div class=\"swiper\">\n            <div class=\"swiper-wrapper\">\n              \n                <div class=\"swiper-slide blog-teaser-item-wrapper\">\n                  <a href=\"https:\/\/bicosy.bico.ch\/fr\/blog-du-sommeil\/pfas-que-cache-le-terme-produits-chimiques-eternels\/\" class=\"blog-teaser-item\">\n                    <div class=\"image-wrapper\">\n                      <div class=\"bg-image lazy-bg\" data-bg=\"https:\/\/bicosy.bico.ch\/wp-content\/uploads\/2025\/05\/Bild-950x950-1-aspect-ratio-950-950-1.png\"><\/div>\n                    <\/div>\n                    <div class=\"desc-wrapper\">\n                                              <span class=\"label\">Matelas<\/span>\n                                            <h3 class=\"mb-0\">\n                        PFAS \u2013 Que cache le terme \u00ab\u202fproduits chimiques \u00e9ternels\u202f\u00bb ?                      <\/h3>\n                    <\/div>\n                  <\/a>\n                <\/div>\n\n              \n                <div class=\"swiper-slide blog-teaser-item-wrapper\">\n                  <a href=\"https:\/\/bicosy.bico.ch\/fr\/blog-du-sommeil\/menage-de-printemps-dans-la-chambre-a-coucher-garder-votre-lit-propre\/\" class=\"blog-teaser-item\">\n                    <div class=\"image-wrapper\">\n                      <div class=\"bg-image lazy-bg\" data-bg=\"https:\/\/bicosy.bico.ch\/wp-content\/uploads\/2023\/10\/bico-betthygiene-gross-aspect-ratio-722-728.jpg\"><\/div>\n                    <\/div>\n                    <div class=\"desc-wrapper\">\n                                              <span class=\"label\">Lifestyle<\/span>\n                                            <h3 class=\"mb-0\">\n                        M\u00e9nage de printemps dans la chambre \u00e0 coucher: voil\u00e0 comment garder votre lit propre                      <\/h3>\n                    <\/div>\n                  <\/a>\n                <\/div>\n\n              \n                <div class=\"swiper-slide blog-teaser-item-wrapper\">\n                  <a href=\"https:\/\/bicosy.bico.ch\/fr\/blog-du-sommeil\/test-des-matelas-suisse-2024-25-bico-vainqueur-du-test\/\" class=\"blog-teaser-item\">\n                    <div class=\"image-wrapper\">\n                      <div class=\"bg-image lazy-bg\" data-bg=\"https:\/\/bicosy.bico.ch\/wp-content\/uploads\/2024\/10\/1-platz-matratzen-2024-25-1404-1404-fr-aspect-ratio-950-950.jpg\"><\/div>\n                    <\/div>\n                    <div class=\"desc-wrapper\">\n                                              <span class=\"label\">Matelas<\/span>\n                                            <h3 class=\"mb-0\">\n                        Test des matelas Suisse 2024\/25: BICO six fois vainqueur                      <\/h3>\n                    <\/div>\n                  <\/a>\n                <\/div>\n\n                                        <\/div>\n            <div class=\"swiper-button-wrapper\">\n              <div class=\"swiper-button-prev\"><\/div>\n              <div class=\"swiper-button-next\"><\/div>\n            <\/div>\n          <\/div>\n\n        <\/div>\n      <\/div>\n\n    <\/div>\n  \n<\/div>","protected":false},"excerpt":{"rendered":"","protected":false},"author":7,"featured_media":0,"parent":0,"menu_order":0,"comment_status":"closed","ping_status":"closed","template":"","meta":{"_acf_changed":false,"footnotes":""},"class_list":["post-46205","page","type-page","status-publish","hentry"],"acf":[],"yoast_head":"<!-- This site is optimized with the Yoast SEO Premium plugin v26.2 (Yoast SEO v26.2) - https:\/\/yoast.com\/wordpress\/plugins\/seo\/ -->\n<title>Des solutions suisses de sommeil innovantes | BICO<\/title>\n<meta name=\"description\" content=\"Depuis 1861, BICO est synonyme de valeurs suisses. La fabrication est r\u00e9alis\u00e9e en grande partie avec des mati\u00e8res suisses et \u00e0 la main.\" \/>\n<meta name=\"robots\" content=\"noindex, follow, max-snippet:-1, max-image-preview:large, max-video-preview:-1\" \/>\n<meta property=\"og:locale\" content=\"fr_FR\" \/>\n<meta property=\"og:type\" content=\"article\" \/>\n<meta property=\"og:title\" content=\"Swissness\" \/>\n<meta property=\"og:description\" content=\"Depuis 1861, BICO est synonyme de valeurs suisses. La fabrication est r\u00e9alis\u00e9e en grande partie avec des mati\u00e8res suisses et \u00e0 la main.\" \/>\n<meta property=\"og:url\" content=\"https:\/\/bicosy.bico.ch\/fr\/swissness\/\" \/>\n<meta property=\"og:site_name\" content=\"BICO\" \/>\n<meta property=\"article:publisher\" content=\"https:\/\/www.facebook.com\/bicoswitzerland\" \/>\n<meta property=\"article:modified_time\" content=\"2024-10-18T13:09:46+00:00\" \/>\n<meta property=\"og:image\" content=\"https:\/\/bicosy.bico.ch\/wp-content\/uploads\/2022\/11\/bico-startseitenbild-schweizer-berge-sternenhimmel.jpg\" \/>\n\t<meta property=\"og:image:width\" content=\"1920\" \/>\n\t<meta property=\"og:image:height\" content=\"1440\" \/>\n\t<meta property=\"og:image:type\" content=\"image\/jpeg\" \/>\n<script type=\"application\/ld+json\" class=\"yoast-schema-graph\">{\"@context\":\"https:\/\/schema.org\",\"@graph\":[{\"@type\":\"WebPage\",\"@id\":\"https:\/\/bicosy.bico.ch\/fr\/swissness\/\",\"url\":\"https:\/\/bicosy.bico.ch\/fr\/swissness\/\",\"name\":\"Des solutions suisses de sommeil innovantes | BICO\",\"isPartOf\":{\"@id\":\"https:\/\/bicosy.bico.ch\/fr\/#website\"},\"datePublished\":\"2022-10-25T10:30:51+00:00\",\"dateModified\":\"2024-10-18T13:09:46+00:00\",\"description\":\"Depuis 1861, BICO est synonyme de valeurs suisses. La fabrication est r\u00e9alis\u00e9e en grande partie avec des mati\u00e8res suisses et \u00e0 la main.\",\"breadcrumb\":{\"@id\":\"https:\/\/bicosy.bico.ch\/fr\/swissness\/#breadcrumb\"},\"inLanguage\":\"fr-FR\",\"potentialAction\":[{\"@type\":\"ReadAction\",\"target\":[\"https:\/\/bicosy.bico.ch\/fr\/swissness\/\"]}]},{\"@type\":\"BreadcrumbList\",\"@id\":\"https:\/\/bicosy.bico.ch\/fr\/swissness\/#breadcrumb\",\"itemListElement\":[{\"@type\":\"ListItem\",\"position\":1,\"name\":\"Startseite\",\"item\":\"https:\/\/bicosy.bico.ch\/fr\/\"},{\"@type\":\"ListItem\",\"position\":2,\"name\":\"Swissness\"}]},{\"@type\":\"WebSite\",\"@id\":\"https:\/\/bicosy.bico.ch\/fr\/#website\",\"url\":\"https:\/\/bicosy.bico.ch\/fr\/\",\"name\":\"BICO\",\"description\":\"F\u00fcr \u00e4 t\u00fc\u00fcf\u00e4 gsund\u00e4 Schlaaf.\u00ae\",\"publisher\":{\"@id\":\"https:\/\/bicosy.bico.ch\/fr\/#organization\"},\"alternateName\":\"bico.ch\",\"potentialAction\":[{\"@type\":\"SearchAction\",\"target\":{\"@type\":\"EntryPoint\",\"urlTemplate\":\"https:\/\/bicosy.bico.ch\/fr\/?s={search_term_string}\"},\"query-input\":{\"@type\":\"PropertyValueSpecification\",\"valueRequired\":true,\"valueName\":\"search_term_string\"}}],\"inLanguage\":\"fr-FR\"},{\"@type\":\"Organization\",\"@id\":\"https:\/\/bicosy.bico.ch\/fr\/#organization\",\"name\":\"BICO\",\"url\":\"https:\/\/bicosy.bico.ch\/fr\/\",\"logo\":{\"@type\":\"ImageObject\",\"inLanguage\":\"fr-FR\",\"@id\":\"https:\/\/bicosy.bico.ch\/fr\/#\/schema\/logo\/image\/\",\"url\":\"https:\/\/bicosy.bico.ch\/wp-content\/uploads\/2022\/11\/BICO_Logo_Black-e1667997604131.png\",\"contentUrl\":\"https:\/\/bicosy.bico.ch\/wp-content\/uploads\/2022\/11\/BICO_Logo_Black-e1667997604131.png\",\"width\":2481,\"height\":1754,\"caption\":\"BICO\"},\"image\":{\"@id\":\"https:\/\/bicosy.bico.ch\/fr\/#\/schema\/logo\/image\/\"},\"sameAs\":[\"https:\/\/www.facebook.com\/bicoswitzerland\",\"https:\/\/www.instagram.com\/bicoswitzerland\/\",\"https:\/\/www.youtube.com\/channel\/UCnyVAqYqj5XdkWKWY5CFJ3A\",\"https:\/\/www.linkedin.com\/showcase\/bicoswitzerland\/\"]}]}<\/script>\n<!-- \/ Yoast SEO Premium plugin. -->","yoast_head_json":{"title":"Des solutions suisses de sommeil innovantes | BICO","description":"Depuis 1861, BICO est synonyme de valeurs suisses. La fabrication est r\u00e9alis\u00e9e en grande partie avec des mati\u00e8res suisses et \u00e0 la main.","robots":{"index":"noindex","follow":"follow","max-snippet":"max-snippet:-1","max-image-preview":"max-image-preview:large","max-video-preview":"max-video-preview:-1"},"og_locale":"fr_FR","og_type":"article","og_title":"Swissness","og_description":"Depuis 1861, BICO est synonyme de valeurs suisses. La fabrication est r\u00e9alis\u00e9e en grande partie avec des mati\u00e8res suisses et \u00e0 la main.","og_url":"https:\/\/bicosy.bico.ch\/fr\/swissness\/","og_site_name":"BICO","article_publisher":"https:\/\/www.facebook.com\/bicoswitzerland","article_modified_time":"2024-10-18T13:09:46+00:00","og_image":[{"width":1920,"height":1440,"url":"https:\/\/bicosy.bico.ch\/wp-content\/uploads\/2022\/11\/bico-startseitenbild-schweizer-berge-sternenhimmel.jpg","type":"image\/jpeg"}],"schema":{"@context":"https:\/\/schema.org","@graph":[{"@type":"WebPage","@id":"https:\/\/bicosy.bico.ch\/fr\/swissness\/","url":"https:\/\/bicosy.bico.ch\/fr\/swissness\/","name":"Des solutions suisses de sommeil innovantes | BICO","isPartOf":{"@id":"https:\/\/bicosy.bico.ch\/fr\/#website"},"datePublished":"2022-10-25T10:30:51+00:00","dateModified":"2024-10-18T13:09:46+00:00","description":"Depuis 1861, BICO est synonyme de valeurs suisses. La fabrication est r\u00e9alis\u00e9e en grande partie avec des mati\u00e8res suisses et \u00e0 la main.","breadcrumb":{"@id":"https:\/\/bicosy.bico.ch\/fr\/swissness\/#breadcrumb"},"inLanguage":"fr-FR","potentialAction":[{"@type":"ReadAction","target":["https:\/\/bicosy.bico.ch\/fr\/swissness\/"]}]},{"@type":"BreadcrumbList","@id":"https:\/\/bicosy.bico.ch\/fr\/swissness\/#breadcrumb","itemListElement":[{"@type":"ListItem","position":1,"name":"Startseite","item":"https:\/\/bicosy.bico.ch\/fr\/"},{"@type":"ListItem","position":2,"name":"Swissness"}]},{"@type":"WebSite","@id":"https:\/\/bicosy.bico.ch\/fr\/#website","url":"https:\/\/bicosy.bico.ch\/fr\/","name":"BICO","description":"F\u00fcr \u00e4 t\u00fc\u00fcf\u00e4 gsund\u00e4 Schlaaf.\u00ae","publisher":{"@id":"https:\/\/bicosy.bico.ch\/fr\/#organization"},"alternateName":"bico.ch","potentialAction":[{"@type":"SearchAction","target":{"@type":"EntryPoint","urlTemplate":"https:\/\/bicosy.bico.ch\/fr\/?s={search_term_string}"},"query-input":{"@type":"PropertyValueSpecification","valueRequired":true,"valueName":"search_term_string"}}],"inLanguage":"fr-FR"},{"@type":"Organization","@id":"https:\/\/bicosy.bico.ch\/fr\/#organization","name":"BICO","url":"https:\/\/bicosy.bico.ch\/fr\/","logo":{"@type":"ImageObject","inLanguage":"fr-FR","@id":"https:\/\/bicosy.bico.ch\/fr\/#\/schema\/logo\/image\/","url":"https:\/\/bicosy.bico.ch\/wp-content\/uploads\/2022\/11\/BICO_Logo_Black-e1667997604131.png","contentUrl":"https:\/\/bicosy.bico.ch\/wp-content\/uploads\/2022\/11\/BICO_Logo_Black-e1667997604131.png","width":2481,"height":1754,"caption":"BICO"},"image":{"@id":"https:\/\/bicosy.bico.ch\/fr\/#\/schema\/logo\/image\/"},"sameAs":["https:\/\/www.facebook.com\/bicoswitzerland","https:\/\/www.instagram.com\/bicoswitzerland\/","https:\/\/www.youtube.com\/channel\/UCnyVAqYqj5XdkWKWY5CFJ3A","https:\/\/www.linkedin.com\/showcase\/bicoswitzerland\/"]}]}},"_links":{"self":[{"href":"https:\/\/bicosy.bico.ch\/fr\/wp-json\/wp\/v2\/pages\/46205","targetHints":{"allow":["GET"]}}],"collection":[{"href":"https:\/\/bicosy.bico.ch\/fr\/wp-json\/wp\/v2\/pages"}],"about":[{"href":"https:\/\/bicosy.bico.ch\/fr\/wp-json\/wp\/v2\/types\/page"}],"author":[{"embeddable":true,"href":"https:\/\/bicosy.bico.ch\/fr\/wp-json\/wp\/v2\/users\/7"}],"replies":[{"embeddable":true,"href":"https:\/\/bicosy.bico.ch\/fr\/wp-json\/wp\/v2\/comments?post=46205"}],"version-history":[{"count":0,"href":"https:\/\/bicosy.bico.ch\/fr\/wp-json\/wp\/v2\/pages\/46205\/revisions"}],"wp:attachment":[{"href":"https:\/\/bicosy.bico.ch\/fr\/wp-json\/wp\/v2\/media?parent=46205"}],"curies":[{"name":"wp","href":"https:\/\/api.w.org\/{rel}","templated":true}]}}