{"id":48690,"date":"2022-07-21T09:26:01","date_gmt":"2022-07-21T07:26:01","guid":{"rendered":"https:\/\/bicosy.bico.ch\/preferences-en-matiere-de-cookies\/"},"modified":"2024-11-08T14:37:57","modified_gmt":"2024-11-08T13:37:57","slug":"cookies","status":"publish","type":"page","link":"https:\/\/bicosy.bico.ch\/fr\/cookies\/","title":{"rendered":"Pr\u00e9f\u00e9rences en mati\u00e8re de cookies"},"content":{"rendered":"\n<div id=\"lead-text-block_2140139f3f5fced32f76540613ba6fed\" class=\"lead-text \n mt-medium mb-small\">\n      <div class=\"container\">\n      <div class=\"row\">\n        <div class=\"offset-xl-2 col-xl-8\">\n\n          \n          \n                      <h1 class=\"title text-center h1 h1-big text-center \">Pr\u00e9f\u00e9rences en mati\u00e8re de cookies<\/h1>\n          \n                      <div class=\"wysiwyg text text-center \">\n              <p>Lorsque vous visitez un site web, celui-ci peut r\u00e9cup\u00e9rer ou enregistrer des informations via votre navigateur. Cela se fait g\u00e9n\u00e9ralement sous la forme de cookies. Il peut s&rsquo;agir d&rsquo;informations vous concernant, de vos pr\u00e9f\u00e9rences ou de votre appareil. La plupart du temps, ces informations sont utilis\u00e9es pour garantir le fonctionnement du site web conform\u00e9ment aux attentes. Ces informations ne permettent g\u00e9n\u00e9ralement pas de vous identifier directement. Elles permettent toutefois de vous offrir une exp\u00e9rience web plus personnalis\u00e9e. Comme nous respectons votre droit \u00e0 la vie priv\u00e9e, vous pouvez choisir de ne pas autoriser certains types de cookies. Cliquez sur les diff\u00e9rents titres de cat\u00e9gorie pour en savoir plus et modifier nos param\u00e8tres par d\u00e9faut. Toutefois, le blocage de certains types de cookies peut entra\u00eener une exp\u00e9rience alt\u00e9r\u00e9e du site et des services que nous fournissons.<\/p>\n            <\/div>\n          \n        <\/div>\n      <\/div>\n    <\/div>\n  <\/div>\n\n\n<div id=\"titel-text-block_fbbaa6e67454222c654094ae1f94d805\" class=\"titel-text \n mt-small mb-small\">\n\n      <div class=\"container\">\n\n      <div class=\"row justify-content-center\">\n        <div class=\"col-md-8 col-xl-6\">\n                                <h4 class=\"h3  \">\n              Cookies n\u00e9cessaires            <\/h4>\n                                          <div class=\"wysiwyg text  \">\n              <p>Ces cookies sont n\u00e9cessaires au fonctionnement du site et ne peuvent pas \u00eatre d\u00e9sactiv\u00e9s dans vos syst\u00e8mes. En r\u00e8gle g\u00e9n\u00e9rale, ces cookies ne sont plac\u00e9s qu&rsquo;en r\u00e9ponse \u00e0 des actions que vous effectuez et qui correspondent \u00e0 une demande de service, comme la d\u00e9finition de vos param\u00e8tres de confidentialit\u00e9, la connexion ou le remplissage de formulaires. Vous pouvez configurer votre navigateur de mani\u00e8re \u00e0 bloquer ces cookies ou \u00e0 \u00eatre averti de leur pr\u00e9sence. Toutefois, certaines parties du site ne fonctionneront pas dans ce cas. Ces cookies n&rsquo;enregistrent pas de donn\u00e9es personnelles.<\/p>\n            <\/div>\n                            <\/div>\n      <\/div>\n    <\/div>\n  <\/div>\n\n\n<div id=\"titel-text-block_733ca3f6df59dbb4bcee6a0b89438ad1\" class=\"titel-text \n mt-small mb-small\">\n\n      <div class=\"container\">\n\n      <div class=\"row justify-content-center\">\n        <div class=\"col-md-8 col-xl-6\">\n                                <h4 class=\"h3  \">\n              Cookies de performance             <\/h4>\n                                          <div class=\"wysiwyg text  \">\n              <p>Ces cookies nous permettent de compter les visites et les sources de trafic afin de mesurer et d&rsquo;am\u00e9liorer les performances de notre site web. Ils nous aident \u00e0 r\u00e9pondre aux questions suivantes : quelles sont les pages les plus populaires, quelles sont celles qui sont le moins utilis\u00e9es et comment les visiteurs se d\u00e9placent sur le site. Toutes les informations recueillies par ces cookies sont agr\u00e9g\u00e9es et sont donc anonymes. Si vous n&rsquo;autorisez pas ces cookies, nous ne pourrons pas savoir quand vous avez visit\u00e9 notre site.<\/p>\n            <\/div>\n                            <\/div>\n      <\/div>\n    <\/div>\n  <\/div>\n\n\n<div id=\"titel-text-block_02889978d8d09cb7574f1efeae42abcb\" class=\"titel-text \n mt-small mb-small\">\n\n      <div class=\"container\">\n\n      <div class=\"row justify-content-center\">\n        <div class=\"col-md-8 col-xl-6\">\n                                <h4 class=\"h3  \">\n              Cookies marketing            <\/h4>\n                                          <div class=\"wysiwyg text  \">\n              <p>Ces cookies peuvent \u00eatre plac\u00e9s par nos partenaires publicitaires via notre site web. Ils peuvent \u00eatre utilis\u00e9s par ces soci\u00e9t\u00e9s pour \u00e9tablir un profil de vos int\u00e9r\u00eats et vous montrer des annonces pertinentes sur d&rsquo;autres sites. Ils ne stockent pas directement des donn\u00e9es personnelles, mais se basent sur une identification unique de votre navigateur et de votre appareil Internet. Si vous n&rsquo;autorisez pas ces cookies, vous verrez des publicit\u00e9s moins cibl\u00e9es.<\/p>\n            <\/div>\n                            <\/div>\n      <\/div>\n    <\/div>\n  <\/div>","protected":false},"excerpt":{"rendered":"","protected":false},"author":1,"featured_media":0,"parent":0,"menu_order":0,"comment_status":"closed","ping_status":"closed","template":"","meta":{"_acf_changed":false,"footnotes":""},"class_list":["post-48690","page","type-page","status-publish","hentry"],"acf":[],"yoast_head":"<!-- This site is optimized with the Yoast SEO Premium plugin v26.2 (Yoast SEO v26.2) - https:\/\/yoast.com\/wordpress\/plugins\/seo\/ -->\n<title>Pr\u00e9f\u00e9rences en mati\u00e8re de cookies | BICO<\/title>\n<meta name=\"description\" content=\"Comme nous respectons votre droit \u00e0 la vie priv\u00e9e, vous pouvez choisir de ne pas autoriser certains types de cookies.\" \/>\n<meta name=\"robots\" content=\"noindex, follow, max-snippet:-1, max-image-preview:large, max-video-preview:-1\" \/>\n<meta property=\"og:locale\" content=\"fr_FR\" \/>\n<meta property=\"og:type\" content=\"article\" \/>\n<meta property=\"og:title\" content=\"Pr\u00e9f\u00e9rences en mati\u00e8re de cookies\" \/>\n<meta property=\"og:description\" content=\"Comme nous respectons votre droit \u00e0 la vie priv\u00e9e, vous pouvez choisir de ne pas autoriser certains types de cookies.\" \/>\n<meta property=\"og:url\" content=\"https:\/\/bicosy.bico.ch\/fr\/cookies\/\" \/>\n<meta property=\"og:site_name\" content=\"BICO\" \/>\n<meta property=\"article:publisher\" content=\"https:\/\/www.facebook.com\/bicoswitzerland\" \/>\n<meta property=\"article:modified_time\" content=\"2024-11-08T13:37:57+00:00\" \/>\n<meta property=\"og:image\" content=\"https:\/\/bicosy.bico.ch\/wp-content\/uploads\/2022\/11\/bico-startseitenbild-schweizer-berge-sternenhimmel.jpg\" \/>\n\t<meta property=\"og:image:width\" content=\"1920\" \/>\n\t<meta property=\"og:image:height\" content=\"1440\" \/>\n\t<meta property=\"og:image:type\" content=\"image\/jpeg\" \/>\n<script type=\"application\/ld+json\" class=\"yoast-schema-graph\">{\"@context\":\"https:\/\/schema.org\",\"@graph\":[{\"@type\":\"WebPage\",\"@id\":\"https:\/\/bicosy.bico.ch\/fr\/cookies\/\",\"url\":\"https:\/\/bicosy.bico.ch\/fr\/cookies\/\",\"name\":\"Pr\u00e9f\u00e9rences en mati\u00e8re de cookies | BICO\",\"isPartOf\":{\"@id\":\"https:\/\/bicosy.bico.ch\/fr\/#website\"},\"datePublished\":\"2022-07-21T07:26:01+00:00\",\"dateModified\":\"2024-11-08T13:37:57+00:00\",\"description\":\"Comme nous respectons votre droit \u00e0 la vie priv\u00e9e, vous pouvez choisir de ne pas autoriser certains types de cookies.\",\"breadcrumb\":{\"@id\":\"https:\/\/bicosy.bico.ch\/fr\/cookies\/#breadcrumb\"},\"inLanguage\":\"fr-FR\",\"potentialAction\":[{\"@type\":\"ReadAction\",\"target\":[\"https:\/\/bicosy.bico.ch\/fr\/cookies\/\"]}]},{\"@type\":\"BreadcrumbList\",\"@id\":\"https:\/\/bicosy.bico.ch\/fr\/cookies\/#breadcrumb\",\"itemListElement\":[{\"@type\":\"ListItem\",\"position\":1,\"name\":\"Startseite\",\"item\":\"https:\/\/bicosy.bico.ch\/fr\/\"},{\"@type\":\"ListItem\",\"position\":2,\"name\":\"Pr\u00e9f\u00e9rences en mati\u00e8re de cookies\"}]},{\"@type\":\"WebSite\",\"@id\":\"https:\/\/bicosy.bico.ch\/fr\/#website\",\"url\":\"https:\/\/bicosy.bico.ch\/fr\/\",\"name\":\"BICO\",\"description\":\"F\u00fcr \u00e4 t\u00fc\u00fcf\u00e4 gsund\u00e4 Schlaaf.\u00ae\",\"publisher\":{\"@id\":\"https:\/\/bicosy.bico.ch\/fr\/#organization\"},\"alternateName\":\"bico.ch\",\"potentialAction\":[{\"@type\":\"SearchAction\",\"target\":{\"@type\":\"EntryPoint\",\"urlTemplate\":\"https:\/\/bicosy.bico.ch\/fr\/?s={search_term_string}\"},\"query-input\":{\"@type\":\"PropertyValueSpecification\",\"valueRequired\":true,\"valueName\":\"search_term_string\"}}],\"inLanguage\":\"fr-FR\"},{\"@type\":\"Organization\",\"@id\":\"https:\/\/bicosy.bico.ch\/fr\/#organization\",\"name\":\"BICO\",\"url\":\"https:\/\/bicosy.bico.ch\/fr\/\",\"logo\":{\"@type\":\"ImageObject\",\"inLanguage\":\"fr-FR\",\"@id\":\"https:\/\/bicosy.bico.ch\/fr\/#\/schema\/logo\/image\/\",\"url\":\"https:\/\/bicosy.bico.ch\/wp-content\/uploads\/2022\/11\/BICO_Logo_Black-e1667997604131.png\",\"contentUrl\":\"https:\/\/bicosy.bico.ch\/wp-content\/uploads\/2022\/11\/BICO_Logo_Black-e1667997604131.png\",\"width\":2481,\"height\":1754,\"caption\":\"BICO\"},\"image\":{\"@id\":\"https:\/\/bicosy.bico.ch\/fr\/#\/schema\/logo\/image\/\"},\"sameAs\":[\"https:\/\/www.facebook.com\/bicoswitzerland\",\"https:\/\/www.instagram.com\/bicoswitzerland\/\",\"https:\/\/www.youtube.com\/channel\/UCnyVAqYqj5XdkWKWY5CFJ3A\",\"https:\/\/www.linkedin.com\/showcase\/bicoswitzerland\/\"]}]}<\/script>\n<!-- \/ Yoast SEO Premium plugin. -->","yoast_head_json":{"title":"Pr\u00e9f\u00e9rences en mati\u00e8re de cookies | BICO","description":"Comme nous respectons votre droit \u00e0 la vie priv\u00e9e, vous pouvez choisir de ne pas autoriser certains types de cookies.","robots":{"index":"noindex","follow":"follow","max-snippet":"max-snippet:-1","max-image-preview":"max-image-preview:large","max-video-preview":"max-video-preview:-1"},"og_locale":"fr_FR","og_type":"article","og_title":"Pr\u00e9f\u00e9rences en mati\u00e8re de cookies","og_description":"Comme nous respectons votre droit \u00e0 la vie priv\u00e9e, vous pouvez choisir de ne pas autoriser certains types de cookies.","og_url":"https:\/\/bicosy.bico.ch\/fr\/cookies\/","og_site_name":"BICO","article_publisher":"https:\/\/www.facebook.com\/bicoswitzerland","article_modified_time":"2024-11-08T13:37:57+00:00","og_image":[{"width":1920,"height":1440,"url":"https:\/\/bicosy.bico.ch\/wp-content\/uploads\/2022\/11\/bico-startseitenbild-schweizer-berge-sternenhimmel.jpg","type":"image\/jpeg"}],"schema":{"@context":"https:\/\/schema.org","@graph":[{"@type":"WebPage","@id":"https:\/\/bicosy.bico.ch\/fr\/cookies\/","url":"https:\/\/bicosy.bico.ch\/fr\/cookies\/","name":"Pr\u00e9f\u00e9rences en mati\u00e8re de cookies | BICO","isPartOf":{"@id":"https:\/\/bicosy.bico.ch\/fr\/#website"},"datePublished":"2022-07-21T07:26:01+00:00","dateModified":"2024-11-08T13:37:57+00:00","description":"Comme nous respectons votre droit \u00e0 la vie priv\u00e9e, vous pouvez choisir de ne pas autoriser certains types de cookies.","breadcrumb":{"@id":"https:\/\/bicosy.bico.ch\/fr\/cookies\/#breadcrumb"},"inLanguage":"fr-FR","potentialAction":[{"@type":"ReadAction","target":["https:\/\/bicosy.bico.ch\/fr\/cookies\/"]}]},{"@type":"BreadcrumbList","@id":"https:\/\/bicosy.bico.ch\/fr\/cookies\/#breadcrumb","itemListElement":[{"@type":"ListItem","position":1,"name":"Startseite","item":"https:\/\/bicosy.bico.ch\/fr\/"},{"@type":"ListItem","position":2,"name":"Pr\u00e9f\u00e9rences en mati\u00e8re de cookies"}]},{"@type":"WebSite","@id":"https:\/\/bicosy.bico.ch\/fr\/#website","url":"https:\/\/bicosy.bico.ch\/fr\/","name":"BICO","description":"F\u00fcr \u00e4 t\u00fc\u00fcf\u00e4 gsund\u00e4 Schlaaf.\u00ae","publisher":{"@id":"https:\/\/bicosy.bico.ch\/fr\/#organization"},"alternateName":"bico.ch","potentialAction":[{"@type":"SearchAction","target":{"@type":"EntryPoint","urlTemplate":"https:\/\/bicosy.bico.ch\/fr\/?s={search_term_string}"},"query-input":{"@type":"PropertyValueSpecification","valueRequired":true,"valueName":"search_term_string"}}],"inLanguage":"fr-FR"},{"@type":"Organization","@id":"https:\/\/bicosy.bico.ch\/fr\/#organization","name":"BICO","url":"https:\/\/bicosy.bico.ch\/fr\/","logo":{"@type":"ImageObject","inLanguage":"fr-FR","@id":"https:\/\/bicosy.bico.ch\/fr\/#\/schema\/logo\/image\/","url":"https:\/\/bicosy.bico.ch\/wp-content\/uploads\/2022\/11\/BICO_Logo_Black-e1667997604131.png","contentUrl":"https:\/\/bicosy.bico.ch\/wp-content\/uploads\/2022\/11\/BICO_Logo_Black-e1667997604131.png","width":2481,"height":1754,"caption":"BICO"},"image":{"@id":"https:\/\/bicosy.bico.ch\/fr\/#\/schema\/logo\/image\/"},"sameAs":["https:\/\/www.facebook.com\/bicoswitzerland","https:\/\/www.instagram.com\/bicoswitzerland\/","https:\/\/www.youtube.com\/channel\/UCnyVAqYqj5XdkWKWY5CFJ3A","https:\/\/www.linkedin.com\/showcase\/bicoswitzerland\/"]}]}},"_links":{"self":[{"href":"https:\/\/bicosy.bico.ch\/fr\/wp-json\/wp\/v2\/pages\/48690","targetHints":{"allow":["GET"]}}],"collection":[{"href":"https:\/\/bicosy.bico.ch\/fr\/wp-json\/wp\/v2\/pages"}],"about":[{"href":"https:\/\/bicosy.bico.ch\/fr\/wp-json\/wp\/v2\/types\/page"}],"author":[{"embeddable":true,"href":"https:\/\/bicosy.bico.ch\/fr\/wp-json\/wp\/v2\/users\/1"}],"replies":[{"embeddable":true,"href":"https:\/\/bicosy.bico.ch\/fr\/wp-json\/wp\/v2\/comments?post=48690"}],"version-history":[{"count":0,"href":"https:\/\/bicosy.bico.ch\/fr\/wp-json\/wp\/v2\/pages\/48690\/revisions"}],"wp:attachment":[{"href":"https:\/\/bicosy.bico.ch\/fr\/wp-json\/wp\/v2\/media?parent=48690"}],"curies":[{"name":"wp","href":"https:\/\/api.w.org\/{rel}","templated":true}]}}