{"id":48702,"date":"2022-10-29T20:43:08","date_gmt":"2022-10-29T18:43:08","guid":{"rendered":"https:\/\/bicosy.bico.ch\/contact\/"},"modified":"2024-10-18T10:22:04","modified_gmt":"2024-10-18T08:22:04","slug":"contact","status":"publish","type":"page","link":"https:\/\/bicosy.bico.ch\/fr\/contact\/","title":{"rendered":"Contact"},"content":{"rendered":"\n<div id=\"lead-text-block_2caf114e4f6c0f0fed33b87222a283d5\" class=\"lead-text \n mt-medium mb-medium\">\n      <div class=\"container\">\n      <div class=\"row\">\n        <div class=\"offset-xl-2 col-xl-8\">\n\n          \n          \n                      <h1 class=\"title text-center h1 h1-big text-center \">Contact<\/h1>\n          \n                      <div class=\"wysiwyg text text-center \">\n              <p>Profitez vous aussi de notre excellence en mati\u00e8re de sommeil. Nous vous conseillons volontiers par t\u00e9l\u00e9phone, par e-mail ou dans nos <a href=\"https:\/\/bicosy.bico.ch\/fr\/berne\/\">showrooms BICO \u00e0 Berne<\/a>, Zurich, Lucerne ou Sch\u00e4nis.<\/p>\n            <\/div>\n          \n        <\/div>\n      <\/div>\n    <\/div>\n  <\/div>\n\n\n<div id=\"hero-2-evolve-block_76e343a17177aa7aff33aec9c0a484db\" class=\"hero-2-evolve \n mb-medium variante-1 \">\n\n  <div class=\"container\">\n\n    <div class=\"row bg-secondary-light\">\n\n      <div class=\"col-md-6 image-column\">\n        <div class=\"image-wrapper\">\n          <div class=\"bg-image\" style=\"background-image: url(https:\/\/bicosy.bico.ch\/wp-content\/uploads\/2024\/10\/bico-header-marken-low-2-aspect-ratio-950-950.jpg);\">\n          <\/div>\n        <\/div>\n      <\/div>\n\n      <div class=\"col-md-6 offset-xxl-1 col-xxl-4 text-column\">\n                <div class=\"text-column-top\">\n                      <h2 class=\"large  \">Avez-vous des questions?<\/h2>\n                                <div class=\"text wysiwyg font-size-body text-medium\">\n              <p>Utilisez le formulaire ci-dessous pour nous contacter.<\/p>\n            <\/div>\n                  <\/div>\n\n                  <div class=\"btn-wrapper\">\n                                          <button class=\"btn btn-outline-dark\" type=\"button\" data-bs-toggle=\"offcanvas\" data-bs-target=\"#offcanvasContact\" aria-controls=\"offcanvasContact\">\n                                    Formulaire de contact                <\/button>\n\n                                    <\/div>\n              <\/div>\n    <\/div>\n  <\/div>\n<\/div>","protected":false},"excerpt":{"rendered":"","protected":false},"author":7,"featured_media":0,"parent":0,"menu_order":0,"comment_status":"closed","ping_status":"closed","template":"","meta":{"_acf_changed":false,"footnotes":""},"class_list":["post-48702","page","type-page","status-publish","hentry"],"acf":[],"yoast_head":"<!-- This site is optimized with the Yoast SEO Premium plugin v26.2 (Yoast SEO v26.2) - https:\/\/yoast.com\/wordpress\/plugins\/seo\/ -->\n<title>Avez-vous des questions? Contact | BICO<\/title>\n<meta name=\"description\" content=\"Nous nous ferons un plaisir de vous conseiller par t\u00e9l\u00e9phone, par e-mail ou sur place. Utilisez le formulaire pour nous contacter!\" \/>\n<meta name=\"robots\" content=\"noindex, follow, max-snippet:-1, max-image-preview:large, max-video-preview:-1\" \/>\n<meta property=\"og:locale\" content=\"fr_FR\" \/>\n<meta property=\"og:type\" content=\"article\" \/>\n<meta property=\"og:title\" content=\"Contact\" \/>\n<meta property=\"og:description\" content=\"Nous nous ferons un plaisir de vous conseiller par t\u00e9l\u00e9phone, par e-mail ou sur place. Utilisez le formulaire pour nous contacter!\" \/>\n<meta property=\"og:url\" content=\"https:\/\/bicosy.bico.ch\/fr\/contact\/\" \/>\n<meta property=\"og:site_name\" content=\"BICO\" \/>\n<meta property=\"article:publisher\" content=\"https:\/\/www.facebook.com\/bicoswitzerland\" \/>\n<meta property=\"article:modified_time\" content=\"2024-10-18T08:22:04+00:00\" \/>\n<meta property=\"og:image\" content=\"https:\/\/bicosy.bico.ch\/wp-content\/uploads\/2022\/11\/bico-startseitenbild-schweizer-berge-sternenhimmel.jpg\" \/>\n\t<meta property=\"og:image:width\" content=\"1920\" \/>\n\t<meta property=\"og:image:height\" content=\"1440\" \/>\n\t<meta property=\"og:image:type\" content=\"image\/jpeg\" \/>\n<script type=\"application\/ld+json\" class=\"yoast-schema-graph\">{\"@context\":\"https:\/\/schema.org\",\"@graph\":[{\"@type\":\"WebPage\",\"@id\":\"https:\/\/bicosy.bico.ch\/fr\/contact\/\",\"url\":\"https:\/\/bicosy.bico.ch\/fr\/contact\/\",\"name\":\"Avez-vous des questions? Contact | BICO\",\"isPartOf\":{\"@id\":\"https:\/\/bicosy.bico.ch\/fr\/#website\"},\"datePublished\":\"2022-10-29T18:43:08+00:00\",\"dateModified\":\"2024-10-18T08:22:04+00:00\",\"description\":\"Nous nous ferons un plaisir de vous conseiller par t\u00e9l\u00e9phone, par e-mail ou sur place. Utilisez le formulaire pour nous contacter!\",\"breadcrumb\":{\"@id\":\"https:\/\/bicosy.bico.ch\/fr\/contact\/#breadcrumb\"},\"inLanguage\":\"fr-FR\",\"potentialAction\":[{\"@type\":\"ReadAction\",\"target\":[\"https:\/\/bicosy.bico.ch\/fr\/contact\/\"]}]},{\"@type\":\"BreadcrumbList\",\"@id\":\"https:\/\/bicosy.bico.ch\/fr\/contact\/#breadcrumb\",\"itemListElement\":[{\"@type\":\"ListItem\",\"position\":1,\"name\":\"Startseite\",\"item\":\"https:\/\/bicosy.bico.ch\/fr\/\"},{\"@type\":\"ListItem\",\"position\":2,\"name\":\"Contact\"}]},{\"@type\":\"WebSite\",\"@id\":\"https:\/\/bicosy.bico.ch\/fr\/#website\",\"url\":\"https:\/\/bicosy.bico.ch\/fr\/\",\"name\":\"BICO\",\"description\":\"F\u00fcr \u00e4 t\u00fc\u00fcf\u00e4 gsund\u00e4 Schlaaf.\u00ae\",\"publisher\":{\"@id\":\"https:\/\/bicosy.bico.ch\/fr\/#organization\"},\"alternateName\":\"bico.ch\",\"potentialAction\":[{\"@type\":\"SearchAction\",\"target\":{\"@type\":\"EntryPoint\",\"urlTemplate\":\"https:\/\/bicosy.bico.ch\/fr\/?s={search_term_string}\"},\"query-input\":{\"@type\":\"PropertyValueSpecification\",\"valueRequired\":true,\"valueName\":\"search_term_string\"}}],\"inLanguage\":\"fr-FR\"},{\"@type\":\"Organization\",\"@id\":\"https:\/\/bicosy.bico.ch\/fr\/#organization\",\"name\":\"BICO\",\"url\":\"https:\/\/bicosy.bico.ch\/fr\/\",\"logo\":{\"@type\":\"ImageObject\",\"inLanguage\":\"fr-FR\",\"@id\":\"https:\/\/bicosy.bico.ch\/fr\/#\/schema\/logo\/image\/\",\"url\":\"https:\/\/bicosy.bico.ch\/wp-content\/uploads\/2022\/11\/BICO_Logo_Black-e1667997604131.png\",\"contentUrl\":\"https:\/\/bicosy.bico.ch\/wp-content\/uploads\/2022\/11\/BICO_Logo_Black-e1667997604131.png\",\"width\":2481,\"height\":1754,\"caption\":\"BICO\"},\"image\":{\"@id\":\"https:\/\/bicosy.bico.ch\/fr\/#\/schema\/logo\/image\/\"},\"sameAs\":[\"https:\/\/www.facebook.com\/bicoswitzerland\",\"https:\/\/www.instagram.com\/bicoswitzerland\/\",\"https:\/\/www.youtube.com\/channel\/UCnyVAqYqj5XdkWKWY5CFJ3A\",\"https:\/\/www.linkedin.com\/showcase\/bicoswitzerland\/\"]}]}<\/script>\n<!-- \/ Yoast SEO Premium plugin. -->","yoast_head_json":{"title":"Avez-vous des questions? Contact | BICO","description":"Nous nous ferons un plaisir de vous conseiller par t\u00e9l\u00e9phone, par e-mail ou sur place. Utilisez le formulaire pour nous contacter!","robots":{"index":"noindex","follow":"follow","max-snippet":"max-snippet:-1","max-image-preview":"max-image-preview:large","max-video-preview":"max-video-preview:-1"},"og_locale":"fr_FR","og_type":"article","og_title":"Contact","og_description":"Nous nous ferons un plaisir de vous conseiller par t\u00e9l\u00e9phone, par e-mail ou sur place. Utilisez le formulaire pour nous contacter!","og_url":"https:\/\/bicosy.bico.ch\/fr\/contact\/","og_site_name":"BICO","article_publisher":"https:\/\/www.facebook.com\/bicoswitzerland","article_modified_time":"2024-10-18T08:22:04+00:00","og_image":[{"width":1920,"height":1440,"url":"https:\/\/bicosy.bico.ch\/wp-content\/uploads\/2022\/11\/bico-startseitenbild-schweizer-berge-sternenhimmel.jpg","type":"image\/jpeg"}],"schema":{"@context":"https:\/\/schema.org","@graph":[{"@type":"WebPage","@id":"https:\/\/bicosy.bico.ch\/fr\/contact\/","url":"https:\/\/bicosy.bico.ch\/fr\/contact\/","name":"Avez-vous des questions? Contact | BICO","isPartOf":{"@id":"https:\/\/bicosy.bico.ch\/fr\/#website"},"datePublished":"2022-10-29T18:43:08+00:00","dateModified":"2024-10-18T08:22:04+00:00","description":"Nous nous ferons un plaisir de vous conseiller par t\u00e9l\u00e9phone, par e-mail ou sur place. Utilisez le formulaire pour nous contacter!","breadcrumb":{"@id":"https:\/\/bicosy.bico.ch\/fr\/contact\/#breadcrumb"},"inLanguage":"fr-FR","potentialAction":[{"@type":"ReadAction","target":["https:\/\/bicosy.bico.ch\/fr\/contact\/"]}]},{"@type":"BreadcrumbList","@id":"https:\/\/bicosy.bico.ch\/fr\/contact\/#breadcrumb","itemListElement":[{"@type":"ListItem","position":1,"name":"Startseite","item":"https:\/\/bicosy.bico.ch\/fr\/"},{"@type":"ListItem","position":2,"name":"Contact"}]},{"@type":"WebSite","@id":"https:\/\/bicosy.bico.ch\/fr\/#website","url":"https:\/\/bicosy.bico.ch\/fr\/","name":"BICO","description":"F\u00fcr \u00e4 t\u00fc\u00fcf\u00e4 gsund\u00e4 Schlaaf.\u00ae","publisher":{"@id":"https:\/\/bicosy.bico.ch\/fr\/#organization"},"alternateName":"bico.ch","potentialAction":[{"@type":"SearchAction","target":{"@type":"EntryPoint","urlTemplate":"https:\/\/bicosy.bico.ch\/fr\/?s={search_term_string}"},"query-input":{"@type":"PropertyValueSpecification","valueRequired":true,"valueName":"search_term_string"}}],"inLanguage":"fr-FR"},{"@type":"Organization","@id":"https:\/\/bicosy.bico.ch\/fr\/#organization","name":"BICO","url":"https:\/\/bicosy.bico.ch\/fr\/","logo":{"@type":"ImageObject","inLanguage":"fr-FR","@id":"https:\/\/bicosy.bico.ch\/fr\/#\/schema\/logo\/image\/","url":"https:\/\/bicosy.bico.ch\/wp-content\/uploads\/2022\/11\/BICO_Logo_Black-e1667997604131.png","contentUrl":"https:\/\/bicosy.bico.ch\/wp-content\/uploads\/2022\/11\/BICO_Logo_Black-e1667997604131.png","width":2481,"height":1754,"caption":"BICO"},"image":{"@id":"https:\/\/bicosy.bico.ch\/fr\/#\/schema\/logo\/image\/"},"sameAs":["https:\/\/www.facebook.com\/bicoswitzerland","https:\/\/www.instagram.com\/bicoswitzerland\/","https:\/\/www.youtube.com\/channel\/UCnyVAqYqj5XdkWKWY5CFJ3A","https:\/\/www.linkedin.com\/showcase\/bicoswitzerland\/"]}]}},"_links":{"self":[{"href":"https:\/\/bicosy.bico.ch\/fr\/wp-json\/wp\/v2\/pages\/48702","targetHints":{"allow":["GET"]}}],"collection":[{"href":"https:\/\/bicosy.bico.ch\/fr\/wp-json\/wp\/v2\/pages"}],"about":[{"href":"https:\/\/bicosy.bico.ch\/fr\/wp-json\/wp\/v2\/types\/page"}],"author":[{"embeddable":true,"href":"https:\/\/bicosy.bico.ch\/fr\/wp-json\/wp\/v2\/users\/7"}],"replies":[{"embeddable":true,"href":"https:\/\/bicosy.bico.ch\/fr\/wp-json\/wp\/v2\/comments?post=48702"}],"version-history":[{"count":0,"href":"https:\/\/bicosy.bico.ch\/fr\/wp-json\/wp\/v2\/pages\/48702\/revisions"}],"wp:attachment":[{"href":"https:\/\/bicosy.bico.ch\/fr\/wp-json\/wp\/v2\/media?parent=48702"}],"curies":[{"name":"wp","href":"https:\/\/api.w.org\/{rel}","templated":true}]}}