{"id":651884,"date":"2025-09-04T13:40:10","date_gmt":"2025-09-04T11:40:10","guid":{"rendered":"https:\/\/bicosy.bico.ch\/?page_id=651884"},"modified":"2025-09-04T13:42:00","modified_gmt":"2025-09-04T11:42:00","slug":"conditions-de-participation-concours","status":"publish","type":"page","link":"https:\/\/bicosy.bico.ch\/fr\/conditions-de-participation-concours\/","title":{"rendered":"Conditions de participation jeu-concours BICO 2025"},"content":{"rendered":"\n<div id=\"lead-text-block_409597cd029c78bf62396d3ddd10bacd\" class=\"lead-text \n mt-medium mb-small\">\n      <div class=\"container\">\n      <div class=\"row\">\n        <div class=\"offset-xl-2 col-xl-8\">\n\n          \n          \n                      <h1 class=\"title text-center h1 h1-big text-center mb-0\">Conditions de participation &#038; protection des donn\u00e9es<\/h1>\n          \n          \n        <\/div>\n      <\/div>\n    <\/div>\n  <\/div>\n\n\n<div id=\"titel-text-block_7b0c56898969b9dc6337db941a101329\" class=\"titel-text \n mt-small mb-small\">\n\n      <div class=\"container\">\n\n      <div class=\"row justify-content-center\">\n        <div class=\"col-md-8 col-xl-6\">\n                                                    <div class=\"wysiwyg text  \">\n              <p>BICO (ci-apr\u00e8s \u00ab\u00a0nous\u00a0\u00bb) organise un jeu-concours gratuit entre le 05.09. et le 31.10.2025. Sont autoris\u00e9es \u00e0 participer toutes les personnes r\u00e9sidant en Suisse, \u00e2g\u00e9es de 18 ans et plus. Il n&rsquo;y a aucune obligation d&rsquo;achat. Le jeu-concours ne fait l&rsquo;objet d&rsquo;aucune correspondance. La participation implique l&rsquo;acceptation des conditions suivantes.<\/p>\n            <\/div>\n                            <\/div>\n      <\/div>\n    <\/div>\n  <\/div>\n\n\n<div id=\"titel-text-block_d45016ff4addc9478aa29b3d678b576f\" class=\"titel-text \n mt-small mb-small\">\n\n      <div class=\"container\">\n\n      <div class=\"row justify-content-center\">\n        <div class=\"col-md-8 col-xl-6\">\n                      <h3 class=\"h2   \">\n              D\u00e9roulement et participation            <\/h3>\n                                                    <div class=\"wysiwyg text  \">\n              <p>La participation est possible uniquement sur le site bico.ch. La date limite de participation est le 31.10.2025. Les gagnants seront s\u00e9lectionn\u00e9s au hasard et contact\u00e9s par e-mail.<\/p>\n            <\/div>\n                            <\/div>\n      <\/div>\n    <\/div>\n  <\/div>\n\n\n<div id=\"titel-text-block_5398b26f6f1eab9406d49161cb98bf29\" class=\"titel-text \n mt-small mb-small\">\n\n      <div class=\"container\">\n\n      <div class=\"row justify-content-center\">\n        <div class=\"col-md-8 col-xl-6\">\n                      <h3 class=\"h2   \">\n              Exclusion de la participation            <\/h3>\n                                                    <div class=\"wysiwyg text  \">\n              <p>Nous nous r\u00e9servons le droit d&rsquo;exclure les participants qui tentent volontairement de manipuler le jeu-concours ou qui enfreignent les conditions de participation. Toute manipulation de ce jeu-concours fera l&rsquo;objet d&rsquo;une plainte. La participation par le biais d&rsquo;associations de jeux-concours ou de services automatis\u00e9s n&rsquo;est pas autoris\u00e9e. Une seule participation au jeu-concours est autoris\u00e9e par personne. Sont exclus de la participation les collaborateurs de Hilding Anders Switzerland SA, les collaborateurs des agences de publicit\u00e9 impliqu\u00e9es ainsi que les associations de jeux-concours, les services automatis\u00e9s et les autres participants professionnels\/commerciaux.<\/p>\n            <\/div>\n                            <\/div>\n      <\/div>\n    <\/div>\n  <\/div>\n\n\n<div id=\"titel-text-block_6fc6a451ef2a5629c528f4e0f7b7f4e6\" class=\"titel-text \n mt-small mb-small\">\n\n      <div class=\"container\">\n\n      <div class=\"row justify-content-center\">\n        <div class=\"col-md-8 col-xl-6\">\n                      <h3 class=\"h2   \">\n              Remise des gains            <\/h3>\n                                                    <div class=\"wysiwyg text  \">\n              <p>Les gains ne peuvent pas \u00eatre pay\u00e9s en esp\u00e8ces. Les gains ne sont pas livr\u00e9s en dehors de la Suisse. Tout recours juridique est exclu. Le ou la gagnant(e) est tenu(e) d&rsquo;envoyer \u00e0 BICO ses coordonn\u00e9es pour la remise du gain et confirme ainsi une nouvelle fois les conditions de participation. En l&rsquo;absence de r\u00e9ponse dans les 4 jours, le droit au gain est annul\u00e9. BICO est libre d&rsquo;attribuer le gain \u00e0 une autre personne ou de le laisser expirer.<\/p>\n            <\/div>\n                            <\/div>\n      <\/div>\n    <\/div>\n  <\/div>\n\n\n<div id=\"titel-text-block_b023ac8137fffd88d5591c9be9ca0d30\" class=\"titel-text \n mt-small mb-small\">\n\n      <div class=\"container\">\n\n      <div class=\"row justify-content-center\">\n        <div class=\"col-md-8 col-xl-6\">\n                      <h3 class=\"h2   \">\n              Incidents de d\u00e9roulement            <\/h3>\n                                                    <div class=\"wysiwyg text  \">\n              <p>Si, par exemple, des raisons techniques s&rsquo;opposent au bon d\u00e9roulement du jeu-concours, nous pouvons mettre fin au concours \u00e0 tout moment, sans pr\u00e9avis et sans en indiquer les raisons.<\/p>\n            <\/div>\n                            <\/div>\n      <\/div>\n    <\/div>\n  <\/div>\n\n\n<div id=\"titel-text-block_317cd49ded2a0ffb7f2aa5385d633dd9\" class=\"titel-text \n mt-small mb-small\">\n\n      <div class=\"container\">\n\n      <div class=\"row justify-content-center\">\n        <div class=\"col-md-8 col-xl-6\">\n                      <h3 class=\"h2   \">\n              Dispositions relatives \u00e0 la protection des donn\u00e9es             <\/h3>\n                                                    <div class=\"wysiwyg text  \">\n              <p>Les donn\u00e9es personnelles obtenues dans le cadre du concours sont trait\u00e9es de mani\u00e8re strictement confidentielle et ne sont pas transmises \u00e0 des tiers. Nous nous engageons \u00e0 traiter avec soin les donn\u00e9es obtenues dans le cadre de l&rsquo;organisation du concours et \u00e0 les g\u00e9rer en conformit\u00e9 avec les dispositions l\u00e9gales en mati\u00e8re de protection des donn\u00e9es.<\/p>\n            <\/div>\n                            <\/div>\n      <\/div>\n    <\/div>\n  <\/div>\n\n\n<div id=\"titel-text-block_435d024abd29eef30d7b0ed81cf83e1e\" class=\"titel-text \n mt-small mb-big \">\n\n      <div class=\"container\">\n\n      <div class=\"row justify-content-center\">\n        <div class=\"col-md-8 col-xl-6\">\n                      <h3 class=\"h2   \">\n              Responsable            <\/h3>\n                                                    <div class=\"wysiwyg text  \">\n              <p>BICO<\/p>\n<p>Hilding Anders Switzerland AG<br \/>\nBiltnerstrasse 42<br \/>\nCH-8718 Sch\u00e4nis<br \/>\nT\u00e9l. +41 55 619 66 00<\/p>\n<p>kontakt@bico.ch<br \/>\nbico.ch<\/p>\n            <\/div>\n                            <\/div>\n      <\/div>\n    <\/div>\n  <\/div>","protected":false},"excerpt":{"rendered":"","protected":false},"author":7,"featured_media":0,"parent":0,"menu_order":0,"comment_status":"closed","ping_status":"closed","template":"","meta":{"_acf_changed":false,"footnotes":""},"class_list":["post-651884","page","type-page","status-publish","hentry"],"acf":[],"yoast_head":"<!-- This site is optimized with the Yoast SEO Premium plugin v26.2 (Yoast SEO v26.2) - https:\/\/yoast.com\/wordpress\/plugins\/seo\/ -->\n<title>Conditions de participation jeu-concours | BICO<\/title>\n<meta name=\"description\" content=\"La participation implique l&#039;acceptation des conditions suivantes.\" \/>\n<meta name=\"robots\" content=\"noindex, nofollow\" \/>\n<meta property=\"og:locale\" content=\"fr_FR\" \/>\n<meta property=\"og:type\" content=\"article\" \/>\n<meta property=\"og:title\" content=\"Conditions de participation jeu-concours BICO 2025\" \/>\n<meta property=\"og:description\" content=\"La participation implique l&#039;acceptation des conditions suivantes.\" \/>\n<meta property=\"og:url\" content=\"https:\/\/bicosy.bico.ch\/fr\/conditions-de-participation-concours\/\" \/>\n<meta property=\"og:site_name\" content=\"BICO\" \/>\n<meta property=\"article:publisher\" content=\"https:\/\/www.facebook.com\/bicoswitzerland\" \/>\n<meta property=\"article:modified_time\" content=\"2025-09-04T11:42:00+00:00\" \/>\n<meta property=\"og:image\" content=\"https:\/\/bicosy.bico.ch\/wp-content\/uploads\/2022\/11\/bico-startseitenbild-schweizer-berge-sternenhimmel.jpg\" \/>\n\t<meta property=\"og:image:width\" content=\"1920\" \/>\n\t<meta property=\"og:image:height\" content=\"1440\" \/>\n\t<meta property=\"og:image:type\" content=\"image\/jpeg\" \/>\n<script type=\"application\/ld+json\" class=\"yoast-schema-graph\">{\"@context\":\"https:\/\/schema.org\",\"@graph\":[{\"@type\":\"WebPage\",\"@id\":\"https:\/\/bicosy.bico.ch\/fr\/conditions-de-participation-concours\/\",\"url\":\"https:\/\/bicosy.bico.ch\/fr\/conditions-de-participation-concours\/\",\"name\":\"Conditions de participation jeu-concours | BICO\",\"isPartOf\":{\"@id\":\"https:\/\/bicosy.bico.ch\/fr\/#website\"},\"datePublished\":\"2025-09-04T11:40:10+00:00\",\"dateModified\":\"2025-09-04T11:42:00+00:00\",\"description\":\"La participation implique l'acceptation des conditions suivantes.\",\"breadcrumb\":{\"@id\":\"https:\/\/bicosy.bico.ch\/fr\/conditions-de-participation-concours\/#breadcrumb\"},\"inLanguage\":\"fr-FR\",\"potentialAction\":[{\"@type\":\"ReadAction\",\"target\":[\"https:\/\/bicosy.bico.ch\/fr\/conditions-de-participation-concours\/\"]}]},{\"@type\":\"BreadcrumbList\",\"@id\":\"https:\/\/bicosy.bico.ch\/fr\/conditions-de-participation-concours\/#breadcrumb\",\"itemListElement\":[{\"@type\":\"ListItem\",\"position\":1,\"name\":\"Startseite\",\"item\":\"https:\/\/bicosy.bico.ch\/fr\/\"},{\"@type\":\"ListItem\",\"position\":2,\"name\":\"Conditions de participation jeu-concours BICO 2025\"}]},{\"@type\":\"WebSite\",\"@id\":\"https:\/\/bicosy.bico.ch\/fr\/#website\",\"url\":\"https:\/\/bicosy.bico.ch\/fr\/\",\"name\":\"BICO\",\"description\":\"F\u00fcr \u00e4 t\u00fc\u00fcf\u00e4 gsund\u00e4 Schlaaf.\u00ae\",\"publisher\":{\"@id\":\"https:\/\/bicosy.bico.ch\/fr\/#organization\"},\"alternateName\":\"bico.ch\",\"potentialAction\":[{\"@type\":\"SearchAction\",\"target\":{\"@type\":\"EntryPoint\",\"urlTemplate\":\"https:\/\/bicosy.bico.ch\/fr\/?s={search_term_string}\"},\"query-input\":{\"@type\":\"PropertyValueSpecification\",\"valueRequired\":true,\"valueName\":\"search_term_string\"}}],\"inLanguage\":\"fr-FR\"},{\"@type\":\"Organization\",\"@id\":\"https:\/\/bicosy.bico.ch\/fr\/#organization\",\"name\":\"BICO\",\"url\":\"https:\/\/bicosy.bico.ch\/fr\/\",\"logo\":{\"@type\":\"ImageObject\",\"inLanguage\":\"fr-FR\",\"@id\":\"https:\/\/bicosy.bico.ch\/fr\/#\/schema\/logo\/image\/\",\"url\":\"https:\/\/bicosy.bico.ch\/wp-content\/uploads\/2022\/11\/BICO_Logo_Black-e1667997604131.png\",\"contentUrl\":\"https:\/\/bicosy.bico.ch\/wp-content\/uploads\/2022\/11\/BICO_Logo_Black-e1667997604131.png\",\"width\":2481,\"height\":1754,\"caption\":\"BICO\"},\"image\":{\"@id\":\"https:\/\/bicosy.bico.ch\/fr\/#\/schema\/logo\/image\/\"},\"sameAs\":[\"https:\/\/www.facebook.com\/bicoswitzerland\",\"https:\/\/www.instagram.com\/bicoswitzerland\/\",\"https:\/\/www.youtube.com\/channel\/UCnyVAqYqj5XdkWKWY5CFJ3A\",\"https:\/\/www.linkedin.com\/showcase\/bicoswitzerland\/\"]}]}<\/script>\n<!-- \/ Yoast SEO Premium plugin. -->","yoast_head_json":{"title":"Conditions de participation jeu-concours | BICO","description":"La participation implique l'acceptation des conditions suivantes.","robots":{"index":"noindex","follow":"nofollow"},"og_locale":"fr_FR","og_type":"article","og_title":"Conditions de participation jeu-concours BICO 2025","og_description":"La participation implique l'acceptation des conditions suivantes.","og_url":"https:\/\/bicosy.bico.ch\/fr\/conditions-de-participation-concours\/","og_site_name":"BICO","article_publisher":"https:\/\/www.facebook.com\/bicoswitzerland","article_modified_time":"2025-09-04T11:42:00+00:00","og_image":[{"width":1920,"height":1440,"url":"https:\/\/bicosy.bico.ch\/wp-content\/uploads\/2022\/11\/bico-startseitenbild-schweizer-berge-sternenhimmel.jpg","type":"image\/jpeg"}],"schema":{"@context":"https:\/\/schema.org","@graph":[{"@type":"WebPage","@id":"https:\/\/bicosy.bico.ch\/fr\/conditions-de-participation-concours\/","url":"https:\/\/bicosy.bico.ch\/fr\/conditions-de-participation-concours\/","name":"Conditions de participation jeu-concours | BICO","isPartOf":{"@id":"https:\/\/bicosy.bico.ch\/fr\/#website"},"datePublished":"2025-09-04T11:40:10+00:00","dateModified":"2025-09-04T11:42:00+00:00","description":"La participation implique l'acceptation des conditions suivantes.","breadcrumb":{"@id":"https:\/\/bicosy.bico.ch\/fr\/conditions-de-participation-concours\/#breadcrumb"},"inLanguage":"fr-FR","potentialAction":[{"@type":"ReadAction","target":["https:\/\/bicosy.bico.ch\/fr\/conditions-de-participation-concours\/"]}]},{"@type":"BreadcrumbList","@id":"https:\/\/bicosy.bico.ch\/fr\/conditions-de-participation-concours\/#breadcrumb","itemListElement":[{"@type":"ListItem","position":1,"name":"Startseite","item":"https:\/\/bicosy.bico.ch\/fr\/"},{"@type":"ListItem","position":2,"name":"Conditions de participation jeu-concours BICO 2025"}]},{"@type":"WebSite","@id":"https:\/\/bicosy.bico.ch\/fr\/#website","url":"https:\/\/bicosy.bico.ch\/fr\/","name":"BICO","description":"F\u00fcr \u00e4 t\u00fc\u00fcf\u00e4 gsund\u00e4 Schlaaf.\u00ae","publisher":{"@id":"https:\/\/bicosy.bico.ch\/fr\/#organization"},"alternateName":"bico.ch","potentialAction":[{"@type":"SearchAction","target":{"@type":"EntryPoint","urlTemplate":"https:\/\/bicosy.bico.ch\/fr\/?s={search_term_string}"},"query-input":{"@type":"PropertyValueSpecification","valueRequired":true,"valueName":"search_term_string"}}],"inLanguage":"fr-FR"},{"@type":"Organization","@id":"https:\/\/bicosy.bico.ch\/fr\/#organization","name":"BICO","url":"https:\/\/bicosy.bico.ch\/fr\/","logo":{"@type":"ImageObject","inLanguage":"fr-FR","@id":"https:\/\/bicosy.bico.ch\/fr\/#\/schema\/logo\/image\/","url":"https:\/\/bicosy.bico.ch\/wp-content\/uploads\/2022\/11\/BICO_Logo_Black-e1667997604131.png","contentUrl":"https:\/\/bicosy.bico.ch\/wp-content\/uploads\/2022\/11\/BICO_Logo_Black-e1667997604131.png","width":2481,"height":1754,"caption":"BICO"},"image":{"@id":"https:\/\/bicosy.bico.ch\/fr\/#\/schema\/logo\/image\/"},"sameAs":["https:\/\/www.facebook.com\/bicoswitzerland","https:\/\/www.instagram.com\/bicoswitzerland\/","https:\/\/www.youtube.com\/channel\/UCnyVAqYqj5XdkWKWY5CFJ3A","https:\/\/www.linkedin.com\/showcase\/bicoswitzerland\/"]}]}},"_links":{"self":[{"href":"https:\/\/bicosy.bico.ch\/fr\/wp-json\/wp\/v2\/pages\/651884","targetHints":{"allow":["GET"]}}],"collection":[{"href":"https:\/\/bicosy.bico.ch\/fr\/wp-json\/wp\/v2\/pages"}],"about":[{"href":"https:\/\/bicosy.bico.ch\/fr\/wp-json\/wp\/v2\/types\/page"}],"author":[{"embeddable":true,"href":"https:\/\/bicosy.bico.ch\/fr\/wp-json\/wp\/v2\/users\/7"}],"replies":[{"embeddable":true,"href":"https:\/\/bicosy.bico.ch\/fr\/wp-json\/wp\/v2\/comments?post=651884"}],"version-history":[{"count":1,"href":"https:\/\/bicosy.bico.ch\/fr\/wp-json\/wp\/v2\/pages\/651884\/revisions"}],"predecessor-version":[{"id":651912,"href":"https:\/\/bicosy.bico.ch\/fr\/wp-json\/wp\/v2\/pages\/651884\/revisions\/651912"}],"wp:attachment":[{"href":"https:\/\/bicosy.bico.ch\/fr\/wp-json\/wp\/v2\/media?parent=651884"}],"curies":[{"name":"wp","href":"https:\/\/api.w.org\/{rel}","templated":true}]}}