{"id":68447,"date":"2022-07-21T09:26:01","date_gmt":"2022-07-21T07:26:01","guid":{"rendered":"https:\/\/bicosy.bico.ch\/?page_id=68447"},"modified":"2024-11-08T14:38:12","modified_gmt":"2024-11-08T13:38:12","slug":"cookie","status":"publish","type":"page","link":"https:\/\/bicosy.bico.ch\/it\/cookie\/","title":{"rendered":"Preferenze per i cookie"},"content":{"rendered":"\n<div id=\"lead-text-block_1d6809d8a8eec9ccc004e2a8a2955a43\" class=\"lead-text \n mt-medium mb-small\">\n      <div class=\"container\">\n      <div class=\"row\">\n        <div class=\"offset-xl-2 col-xl-8\">\n\n          \n          \n                      <h1 class=\"title text-center h1 h1-big text-center \">Preferenze per i cookie<\/h1>\n          \n                      <div class=\"wysiwyg text text-center \">\n              <p>Quando visitate un sito web, questo pu\u00f2 recuperare o memorizzare informazioni sul vostro browser. Di solito questo avviene sotto forma di cookie. Pu\u00f2 trattarsi di informazioni sull&#8217;utente, sulle sue impostazioni o sul suo dispositivo. Nella maggior parte dei casi, le informazioni vengono utilizzate per garantire che il sito web funzioni come previsto. In genere queste informazioni non identificano direttamente l&#8217;utente. Tuttavia, pu\u00f2 fornire un&#8217;esperienza web pi\u00f9 personalizzata. Poich\u00e9 rispettiamo il vostro diritto alla privacy, potete scegliere di non consentire alcuni tipi di cookie. Fare clic sulle voci delle diverse categorie per saperne di pi\u00f9 e modificare le impostazioni predefinite. Tuttavia, il blocco di alcuni tipi di cookie pu\u00f2 comportare un&#8217;esperienza compromessa con il sito web e i servizi offerti.<\/p>\n            <\/div>\n          \n        <\/div>\n      <\/div>\n    <\/div>\n  <\/div>\n\n\n<div id=\"titel-text-block_e38b9f4f6d38e3d1fa21d5d0784cadba\" class=\"titel-text \n mt-small mb-small\">\n\n      <div class=\"container\">\n\n      <div class=\"row justify-content-center\">\n        <div class=\"col-md-8 col-xl-6\">\n                                <h4 class=\"h3  \">\n              Cookie necessari            <\/h4>\n                                          <div class=\"wysiwyg text  \">\n              <p>Questi cookie sono necessari per il funzionamento del sito web e non possono essere disabilitati nei vostri sistemi. In genere, questi cookie vengono impostati solo in risposta ad azioni compiute dall&#8217;utente che corrispondono a una richiesta di servizio, come l&#8217;impostazione delle preferenze sulla privacy, il login o la compilazione di moduli. L&#8217;utente pu\u00f2 impostare il proprio browser in modo da bloccare questi cookie o da essere avvisato della loro presenza. Tuttavia, alcune aree del sito web non funzioneranno in tal caso. Questi cookie non memorizzano alcun dato personale.<\/p>\n            <\/div>\n                            <\/div>\n      <\/div>\n    <\/div>\n  <\/div>\n\n\n<div id=\"titel-text-block_971853045df8cb085affe554ff21ed1c\" class=\"titel-text \n mt-small mb-small\">\n\n      <div class=\"container\">\n\n      <div class=\"row justify-content-center\">\n        <div class=\"col-md-8 col-xl-6\">\n                                <h4 class=\"h3  \">\n              Cookie di prestazione            <\/h4>\n                                          <div class=\"wysiwyg text  \">\n              <p>Questi cookie sono necessari per il funzionamento del sito web e non possono essere disabilitati nei vostri sistemi. In genere, questi cookie vengono impostati solo in risposta ad azioni compiute dall&#8217;utente che corrispondono a una richiesta di servizio, come l&#8217;impostazione delle preferenze sulla privacy, il login o la compilazione di moduli. L&#8217;utente pu\u00f2 impostare il proprio browser in modo da bloccare questi cookie o da essere avvisato della loro presenza. Tuttavia, alcune aree del sito web non funzioneranno in tal caso. Questi cookie non memorizzano alcun dato personale.<\/p>\n            <\/div>\n                            <\/div>\n      <\/div>\n    <\/div>\n  <\/div>\n\n\n<div id=\"titel-text-block_08c11f7bdb88e69679a96e2bdb514946\" class=\"titel-text \n mt-small mb-small\">\n\n      <div class=\"container\">\n\n      <div class=\"row justify-content-center\">\n        <div class=\"col-md-8 col-xl-6\">\n                                <h4 class=\"h3  \">\n              Cookie di marketing            <\/h4>\n                                          <div class=\"wysiwyg text  \">\n              <p>Questi cookie possono essere impostati attraverso il nostro sito web dai nostri partner pubblicitari. Questi dati possono essere utilizzati da queste societ\u00e0 per profilare i vostri interessi e mostrarvi annunci pertinenti su altri siti web. Non memorizzano direttamente i dati personali, ma si basano su un&#8217;identificazione univoca del browser e del dispositivo Internet dell&#8217;utente. Se non si consente l&#8217;utilizzo di questi cookie, la pubblicit\u00e0 sar\u00e0 meno mirata.<\/p>\n            <\/div>\n                            <\/div>\n      <\/div>\n    <\/div>\n  <\/div>","protected":false},"excerpt":{"rendered":"","protected":false},"author":7,"featured_media":0,"parent":0,"menu_order":0,"comment_status":"closed","ping_status":"closed","template":"","meta":{"_acf_changed":false,"footnotes":""},"class_list":["post-68447","page","type-page","status-publish","hentry"],"acf":[],"yoast_head":"<!-- This site is optimized with the Yoast SEO Premium plugin v26.2 (Yoast SEO v26.2) - https:\/\/yoast.com\/wordpress\/plugins\/seo\/ -->\n<title>Preferenze per i cookie | BICO<\/title>\n<meta name=\"description\" content=\"Poich\u00e9 rispettiamo il vostro diritto alla privacy, potete scegliere di non consentire alcuni tipi di cookie.\" \/>\n<meta name=\"robots\" content=\"noindex, follow, max-snippet:-1, max-image-preview:large, max-video-preview:-1\" \/>\n<meta property=\"og:locale\" content=\"it_IT\" \/>\n<meta property=\"og:type\" content=\"article\" \/>\n<meta property=\"og:title\" content=\"Preferenze per i cookie\" \/>\n<meta property=\"og:description\" content=\"Poich\u00e9 rispettiamo il vostro diritto alla privacy, potete scegliere di non consentire alcuni tipi di cookie.\" \/>\n<meta property=\"og:url\" content=\"https:\/\/bicosy.bico.ch\/it\/cookie\/\" \/>\n<meta property=\"og:site_name\" content=\"BICO\" \/>\n<meta property=\"article:publisher\" content=\"https:\/\/www.facebook.com\/bicoswitzerland\" \/>\n<meta property=\"article:modified_time\" content=\"2024-11-08T13:38:12+00:00\" \/>\n<meta property=\"og:image\" content=\"https:\/\/bicosy.bico.ch\/wp-content\/uploads\/2022\/11\/bico-startseitenbild-schweizer-berge-sternenhimmel.jpg\" \/>\n\t<meta property=\"og:image:width\" content=\"1920\" \/>\n\t<meta property=\"og:image:height\" content=\"1440\" \/>\n\t<meta property=\"og:image:type\" content=\"image\/jpeg\" \/>\n<script type=\"application\/ld+json\" class=\"yoast-schema-graph\">{\"@context\":\"https:\/\/schema.org\",\"@graph\":[{\"@type\":\"WebPage\",\"@id\":\"https:\/\/bicosy.bico.ch\/it\/cookie\/\",\"url\":\"https:\/\/bicosy.bico.ch\/it\/cookie\/\",\"name\":\"Preferenze per i cookie | BICO\",\"isPartOf\":{\"@id\":\"https:\/\/bicosy.bico.ch\/it\/#website\"},\"datePublished\":\"2022-07-21T07:26:01+00:00\",\"dateModified\":\"2024-11-08T13:38:12+00:00\",\"description\":\"Poich\u00e9 rispettiamo il vostro diritto alla privacy, potete scegliere di non consentire alcuni tipi di cookie.\",\"breadcrumb\":{\"@id\":\"https:\/\/bicosy.bico.ch\/it\/cookie\/#breadcrumb\"},\"inLanguage\":\"it-IT\",\"potentialAction\":[{\"@type\":\"ReadAction\",\"target\":[\"https:\/\/bicosy.bico.ch\/it\/cookie\/\"]}]},{\"@type\":\"BreadcrumbList\",\"@id\":\"https:\/\/bicosy.bico.ch\/it\/cookie\/#breadcrumb\",\"itemListElement\":[{\"@type\":\"ListItem\",\"position\":1,\"name\":\"Startseite\",\"item\":\"https:\/\/bicosy.bico.ch\/it\/\"},{\"@type\":\"ListItem\",\"position\":2,\"name\":\"Preferenze per i cookie\"}]},{\"@type\":\"WebSite\",\"@id\":\"https:\/\/bicosy.bico.ch\/it\/#website\",\"url\":\"https:\/\/bicosy.bico.ch\/it\/\",\"name\":\"BICO\",\"description\":\"\",\"publisher\":{\"@id\":\"https:\/\/bicosy.bico.ch\/it\/#organization\"},\"alternateName\":\"bico.ch\",\"potentialAction\":[{\"@type\":\"SearchAction\",\"target\":{\"@type\":\"EntryPoint\",\"urlTemplate\":\"https:\/\/bicosy.bico.ch\/it\/?s={search_term_string}\"},\"query-input\":{\"@type\":\"PropertyValueSpecification\",\"valueRequired\":true,\"valueName\":\"search_term_string\"}}],\"inLanguage\":\"it-IT\"},{\"@type\":\"Organization\",\"@id\":\"https:\/\/bicosy.bico.ch\/it\/#organization\",\"name\":\"BICO\",\"url\":\"https:\/\/bicosy.bico.ch\/it\/\",\"logo\":{\"@type\":\"ImageObject\",\"inLanguage\":\"it-IT\",\"@id\":\"https:\/\/bicosy.bico.ch\/it\/#\/schema\/logo\/image\/\",\"url\":\"https:\/\/bicosy.bico.ch\/wp-content\/uploads\/2022\/11\/BICO_Logo_Black-e1667997604131.png\",\"contentUrl\":\"https:\/\/bicosy.bico.ch\/wp-content\/uploads\/2022\/11\/BICO_Logo_Black-e1667997604131.png\",\"width\":2481,\"height\":1754,\"caption\":\"BICO\"},\"image\":{\"@id\":\"https:\/\/bicosy.bico.ch\/it\/#\/schema\/logo\/image\/\"},\"sameAs\":[\"https:\/\/www.facebook.com\/bicoswitzerland\",\"https:\/\/www.instagram.com\/bicoswitzerland\/\",\"https:\/\/www.youtube.com\/channel\/UCnyVAqYqj5XdkWKWY5CFJ3A\",\"https:\/\/www.linkedin.com\/showcase\/bicoswitzerland\/\"]}]}<\/script>\n<!-- \/ Yoast SEO Premium plugin. -->","yoast_head_json":{"title":"Preferenze per i cookie | BICO","description":"Poich\u00e9 rispettiamo il vostro diritto alla privacy, potete scegliere di non consentire alcuni tipi di cookie.","robots":{"index":"noindex","follow":"follow","max-snippet":"max-snippet:-1","max-image-preview":"max-image-preview:large","max-video-preview":"max-video-preview:-1"},"og_locale":"it_IT","og_type":"article","og_title":"Preferenze per i cookie","og_description":"Poich\u00e9 rispettiamo il vostro diritto alla privacy, potete scegliere di non consentire alcuni tipi di cookie.","og_url":"https:\/\/bicosy.bico.ch\/it\/cookie\/","og_site_name":"BICO","article_publisher":"https:\/\/www.facebook.com\/bicoswitzerland","article_modified_time":"2024-11-08T13:38:12+00:00","og_image":[{"width":1920,"height":1440,"url":"https:\/\/bicosy.bico.ch\/wp-content\/uploads\/2022\/11\/bico-startseitenbild-schweizer-berge-sternenhimmel.jpg","type":"image\/jpeg"}],"schema":{"@context":"https:\/\/schema.org","@graph":[{"@type":"WebPage","@id":"https:\/\/bicosy.bico.ch\/it\/cookie\/","url":"https:\/\/bicosy.bico.ch\/it\/cookie\/","name":"Preferenze per i cookie | BICO","isPartOf":{"@id":"https:\/\/bicosy.bico.ch\/it\/#website"},"datePublished":"2022-07-21T07:26:01+00:00","dateModified":"2024-11-08T13:38:12+00:00","description":"Poich\u00e9 rispettiamo il vostro diritto alla privacy, potete scegliere di non consentire alcuni tipi di cookie.","breadcrumb":{"@id":"https:\/\/bicosy.bico.ch\/it\/cookie\/#breadcrumb"},"inLanguage":"it-IT","potentialAction":[{"@type":"ReadAction","target":["https:\/\/bicosy.bico.ch\/it\/cookie\/"]}]},{"@type":"BreadcrumbList","@id":"https:\/\/bicosy.bico.ch\/it\/cookie\/#breadcrumb","itemListElement":[{"@type":"ListItem","position":1,"name":"Startseite","item":"https:\/\/bicosy.bico.ch\/it\/"},{"@type":"ListItem","position":2,"name":"Preferenze per i cookie"}]},{"@type":"WebSite","@id":"https:\/\/bicosy.bico.ch\/it\/#website","url":"https:\/\/bicosy.bico.ch\/it\/","name":"BICO","description":"","publisher":{"@id":"https:\/\/bicosy.bico.ch\/it\/#organization"},"alternateName":"bico.ch","potentialAction":[{"@type":"SearchAction","target":{"@type":"EntryPoint","urlTemplate":"https:\/\/bicosy.bico.ch\/it\/?s={search_term_string}"},"query-input":{"@type":"PropertyValueSpecification","valueRequired":true,"valueName":"search_term_string"}}],"inLanguage":"it-IT"},{"@type":"Organization","@id":"https:\/\/bicosy.bico.ch\/it\/#organization","name":"BICO","url":"https:\/\/bicosy.bico.ch\/it\/","logo":{"@type":"ImageObject","inLanguage":"it-IT","@id":"https:\/\/bicosy.bico.ch\/it\/#\/schema\/logo\/image\/","url":"https:\/\/bicosy.bico.ch\/wp-content\/uploads\/2022\/11\/BICO_Logo_Black-e1667997604131.png","contentUrl":"https:\/\/bicosy.bico.ch\/wp-content\/uploads\/2022\/11\/BICO_Logo_Black-e1667997604131.png","width":2481,"height":1754,"caption":"BICO"},"image":{"@id":"https:\/\/bicosy.bico.ch\/it\/#\/schema\/logo\/image\/"},"sameAs":["https:\/\/www.facebook.com\/bicoswitzerland","https:\/\/www.instagram.com\/bicoswitzerland\/","https:\/\/www.youtube.com\/channel\/UCnyVAqYqj5XdkWKWY5CFJ3A","https:\/\/www.linkedin.com\/showcase\/bicoswitzerland\/"]}]}},"_links":{"self":[{"href":"https:\/\/bicosy.bico.ch\/it\/wp-json\/wp\/v2\/pages\/68447","targetHints":{"allow":["GET"]}}],"collection":[{"href":"https:\/\/bicosy.bico.ch\/it\/wp-json\/wp\/v2\/pages"}],"about":[{"href":"https:\/\/bicosy.bico.ch\/it\/wp-json\/wp\/v2\/types\/page"}],"author":[{"embeddable":true,"href":"https:\/\/bicosy.bico.ch\/it\/wp-json\/wp\/v2\/users\/7"}],"replies":[{"embeddable":true,"href":"https:\/\/bicosy.bico.ch\/it\/wp-json\/wp\/v2\/comments?post=68447"}],"version-history":[{"count":0,"href":"https:\/\/bicosy.bico.ch\/it\/wp-json\/wp\/v2\/pages\/68447\/revisions"}],"wp:attachment":[{"href":"https:\/\/bicosy.bico.ch\/it\/wp-json\/wp\/v2\/media?parent=68447"}],"curies":[{"name":"wp","href":"https:\/\/api.w.org\/{rel}","templated":true}]}}